{"id":12,"date":"2018-12-14T10:49:33","date_gmt":"2018-12-14T09:49:33","guid":{"rendered":"http:\/\/www.tanagram.fr\/fr\/?page_id=12"},"modified":"2025-11-07T17:51:32","modified_gmt":"2025-11-07T16:51:32","slug":"une-seance-concretement","status":"publish","type":"page","link":"https:\/\/www.tanagram.fr\/fr\/une-seance-concretement\/","title":{"rendered":"Une s\u00e9ance concr\u00e8tement"},"content":{"rendered":"\n<h1 class=\"wp-block-heading has-luminous-vivid-orange-color has-text-color\">En distanciel partout en France et \u00e0 l&rsquo;international<\/h1>\n\n\n\n<figure class=\"wp-block-image size-large\"><img fetchpriority=\"high\" decoding=\"async\" width=\"1280\" height=\"800\" src=\"https:\/\/www.tanagram.fr\/fr\/wp-content\/uploads\/2023\/09\/pexels-cup-of-couple-6177608-edited.jpg\" alt=\"\" class=\"wp-image-1562\" srcset=\"https:\/\/www.tanagram.fr\/fr\/wp-content\/uploads\/2023\/09\/pexels-cup-of-couple-6177608-edited.jpg 1280w, https:\/\/www.tanagram.fr\/fr\/wp-content\/uploads\/2023\/09\/pexels-cup-of-couple-6177608-edited-300x188.jpg 300w, https:\/\/www.tanagram.fr\/fr\/wp-content\/uploads\/2023\/09\/pexels-cup-of-couple-6177608-edited-1024x640.jpg 1024w, https:\/\/www.tanagram.fr\/fr\/wp-content\/uploads\/2023\/09\/pexels-cup-of-couple-6177608-edited-768x480.jpg 768w\" sizes=\"(max-width: 767px) 89vw, (max-width: 1000px) 54vw, (max-width: 1071px) 543px, 580px\" \/><\/figure>\n\n\n\n<p>Que vous soyez install\u00e9.e en France ou \u00e0 l&rsquo;\u00e9tranger, je vous propose des entretiens en visio via l&rsquo;outil Zoom.<\/p>\n\n\n\n<p>Les seuls pr\u00e9-requis sont de pouvoir vous installer au calme avec des \u00e9couteurs et une bonne connexion Internet!<\/p>\n\n\n\n<p>Je vous accompagne en fran\u00e7ais ou en anglais.<\/p>\n\n\n\n<p>La s\u00e9ance dure 1 heure.<\/p>\n\n\n\n<h1 class=\"wp-block-heading has-luminous-vivid-orange-color has-text-color\">En pr\u00e9sentiel \u00e0 Nantes (France)<\/h1>\n\n\n\n<p>Je vous re\u00e7ois dans le centre-ville de Nantes \u00e0 8 minutes \u00e0 pied de la place Graslin, entre le mus\u00e9e Dobr\u00e9e et la place du Sanitat.<\/p>\n\n\n\n<p>au 4, rue Mascara 44100 Nantes <\/p>\n\n\n\n<p>Tramway 1 ou  Bus 11 : Arr\u00eat Chantiers Navals<\/p>\n\n\n\n<p>La s\u00e9ance dure 1 heure.<\/p>\n\n\n\n<figure class=\"wp-block-image size-large\"><img decoding=\"async\" width=\"1024\" height=\"576\" src=\"https:\/\/www.tanagram.fr\/fr\/wp-content\/uploads\/2023\/05\/PhotoCab1-1024x576.jpg\" alt=\"\" class=\"wp-image-1506\" srcset=\"https:\/\/www.tanagram.fr\/fr\/wp-content\/uploads\/2023\/05\/PhotoCab1-1024x576.jpg 1024w, https:\/\/www.tanagram.fr\/fr\/wp-content\/uploads\/2023\/05\/PhotoCab1-300x169.jpg 300w, https:\/\/www.tanagram.fr\/fr\/wp-content\/uploads\/2023\/05\/PhotoCab1-768x432.jpg 768w, https:\/\/www.tanagram.fr\/fr\/wp-content\/uploads\/2023\/05\/PhotoCab1-1536x864.jpg 1536w, https:\/\/www.tanagram.fr\/fr\/wp-content\/uploads\/2023\/05\/PhotoCab1-2048x1152.jpg 2048w\" sizes=\"(max-width: 767px) 89vw, (max-width: 1000px) 54vw, (max-width: 1071px) 543px, 580px\" \/><\/figure>\n\n\n\n<figure class=\"wp-block-image size-large\"><img decoding=\"async\" width=\"1024\" height=\"576\" src=\"https:\/\/www.tanagram.fr\/fr\/wp-content\/uploads\/2023\/05\/PhotoCab2-1024x576.jpg\" alt=\"\" class=\"wp-image-1505\" srcset=\"https:\/\/www.tanagram.fr\/fr\/wp-content\/uploads\/2023\/05\/PhotoCab2-1024x576.jpg 1024w, https:\/\/www.tanagram.fr\/fr\/wp-content\/uploads\/2023\/05\/PhotoCab2-300x169.jpg 300w, https:\/\/www.tanagram.fr\/fr\/wp-content\/uploads\/2023\/05\/PhotoCab2-768x432.jpg 768w, https:\/\/www.tanagram.fr\/fr\/wp-content\/uploads\/2023\/05\/PhotoCab2-1536x864.jpg 1536w, https:\/\/www.tanagram.fr\/fr\/wp-content\/uploads\/2023\/05\/PhotoCab2-2048x1152.jpg 2048w\" sizes=\"(max-width: 767px) 89vw, (max-width: 1000px) 54vw, (max-width: 1071px) 543px, 580px\" \/><\/figure>\n\n\n\n<h2 class=\"wp-block-heading\">Mes accompagnements mixent 2 modalit\u00e9s d&rsquo;intervention<\/h2>\n\n\n<hr \/>\n<h3><span style=\"color: #ff6600;\">Dimension exploratoire<\/span><\/h3>\n<p>Ensemble, nous identifions ce que vous souhaitez comme changement dans votre vie, en coh\u00e9rence avec vos valeurs et votre identit\u00e9 personnelle.<\/p>\n<p>Je vous invite \u00e0\u00a0 mobiliser votre dimension rationnelle mais aussi \u00e9motionnelle et sensorielle.<\/p>\n<p>Traiter ces deux niveaux \u00e0 la fois permet un travail en profondeur, gage de justesse et d&rsquo;efficacit\u00e9.<\/p>\n<h3><span style=\"color: #ff6600;\">Dimension pragmatique<\/span><\/h3>\n<p><span style=\"color: #ff6600;\"><span style=\"color: #000000;\">Je vous accompagne dans une transformation concr\u00e8te de votre quotidien.<br \/><\/span><\/span><\/p>\n<p><span style=\"color: #ff6600;\"><span style=\"color: #000000;\">Vous avez des actions \u00e0 mener, inscrites dans un horizon de temps r\u00e9aliste, qui tient compte de vos contraintes et de vos possibilit\u00e9s.\u00a0\u00a0<br \/><\/span><\/span><\/p>\n<p><span style=\"color: #ff6600;\"><span style=\"color: #000000;\">Je vous propose des mises en situation et je vous guide dans la mise en \u0153uvre.<\/span><\/span><\/p>\n\n\n<div class=\"wp-block-buttons is-horizontal is-content-justification-center is-layout-flex wp-container-core-buttons-is-layout-499968f5 wp-block-buttons-is-layout-flex\">\n<div class=\"wp-block-button\"><a class=\"wp-block-button__link has-light-green-cyan-background-color has-background wp-element-button\" href=\"https:\/\/www.tanagram.fr\/fr\/prendre-rdv-coaching\/\">Coaching : Rdv d&rsquo;informations<\/a><\/div>\n\n\n\n<div class=\"wp-block-button\"><a class=\"wp-block-button__link has-white-color has-vivid-purple-background-color has-text-color has-background wp-element-button\" href=\"https:\/\/www.tanagram.fr\/fr\/prise-de-rdv-therapie\/\">Hypnoth\u00e9rapie : Tarifs &amp; Rdv<\/a><\/div>\n<\/div>\n\n\n\n<p><\/p>\n\n\n\n<p><\/p>\n\n\n\n<p><\/p>\n\n\n\n<p><\/p>\n","protected":false},"excerpt":{"rendered":"<p>En distanciel partout en France et \u00e0 l&rsquo;international Que vous soyez install\u00e9.e en France ou \u00e0 l&rsquo;\u00e9tranger, je vous propose des entretiens en visio via l&rsquo;outil Zoom. Les seuls pr\u00e9-requis sont de pouvoir vous installer au calme avec des \u00e9couteurs et une bonne connexion Internet! Je vous accompagne en fran\u00e7ais ou en anglais. La s\u00e9ance &hellip; <\/p>\n<p class=\"link-more\"><a href=\"https:\/\/www.tanagram.fr\/fr\/une-seance-concretement\/\" class=\"more-link\">Continuer la lecture<span class=\"screen-reader-text\"> de &laquo;&nbsp;Une s\u00e9ance concr\u00e8tement&nbsp;&raquo;<\/span><\/a><\/p>\n","protected":false},"author":2,"featured_media":0,"parent":0,"menu_order":0,"comment_status":"closed","ping_status":"closed","template":"","meta":{"footnotes":""},"class_list":["post-12","page","type-page","status-publish","hentry"],"yoast_head":"<!-- This site is optimized with the Yoast SEO plugin v27.3 - https:\/\/yoast.com\/product\/yoast-seo-wordpress\/ -->\n<title>Une s\u00e9ance concr\u00e8tement - Tanagram<\/title>\n<meta name=\"description\" content=\"Cabinet d&#039;hypnoth\u00e9rapie \u00e0 Nantes - Hypnoth\u00e9rapeute Mathilde Habert \u00e0 Nantes - Prendre rendez-vous en ligne sur Terapiz\" \/>\n<meta name=\"robots\" content=\"index, follow, max-snippet:-1, max-image-preview:large, max-video-preview:-1\" \/>\n<link rel=\"canonical\" href=\"https:\/\/www.tanagram.fr\/fr\/une-seance-concretement\/\" \/>\n<meta property=\"og:locale\" content=\"fr_FR\" \/>\n<meta property=\"og:type\" content=\"article\" \/>\n<meta property=\"og:title\" content=\"Une s\u00e9ance concr\u00e8tement - Tanagram\" \/>\n<meta property=\"og:description\" content=\"Cabinet d&#039;hypnoth\u00e9rapie \u00e0 Nantes - Hypnoth\u00e9rapeute Mathilde Habert \u00e0 Nantes - Prendre rendez-vous en ligne sur Terapiz\" \/>\n<meta property=\"og:url\" content=\"https:\/\/www.tanagram.fr\/fr\/une-seance-concretement\/\" \/>\n<meta property=\"og:site_name\" content=\"Tanagram\" \/>\n<meta property=\"article:modified_time\" content=\"2025-11-07T16:51:32+00:00\" \/>\n<meta property=\"og:image\" content=\"https:\/\/www.tanagram.fr\/fr\/wp-content\/uploads\/2023\/09\/pexels-cup-of-couple-6177608-edited.jpg\" \/>\n\t<meta property=\"og:image:width\" content=\"1280\" \/>\n\t<meta property=\"og:image:height\" content=\"800\" \/>\n\t<meta property=\"og:image:type\" content=\"image\/jpeg\" \/>\n<meta name=\"twitter:card\" content=\"summary_large_image\" \/>\n<meta name=\"twitter:label1\" content=\"Dur\u00e9e de lecture estim\u00e9e\" \/>\n\t<meta name=\"twitter:data1\" content=\"2 minutes\" \/>\n<script type=\"application\/ld+json\" class=\"yoast-schema-graph\">{\"@context\":\"https:\\\/\\\/schema.org\",\"@graph\":[{\"@type\":\"WebPage\",\"@id\":\"https:\\\/\\\/www.tanagram.fr\\\/fr\\\/une-seance-concretement\\\/\",\"url\":\"https:\\\/\\\/www.tanagram.fr\\\/fr\\\/une-seance-concretement\\\/\",\"name\":\"Une s\u00e9ance concr\u00e8tement - Tanagram\",\"isPartOf\":{\"@id\":\"https:\\\/\\\/www.tanagram.fr\\\/fr\\\/#website\"},\"primaryImageOfPage\":{\"@id\":\"https:\\\/\\\/www.tanagram.fr\\\/fr\\\/une-seance-concretement\\\/#primaryimage\"},\"image\":{\"@id\":\"https:\\\/\\\/www.tanagram.fr\\\/fr\\\/une-seance-concretement\\\/#primaryimage\"},\"thumbnailUrl\":\"https:\\\/\\\/www.tanagram.fr\\\/fr\\\/wp-content\\\/uploads\\\/2023\\\/09\\\/pexels-cup-of-couple-6177608-edited.jpg\",\"datePublished\":\"2018-12-14T09:49:33+00:00\",\"dateModified\":\"2025-11-07T16:51:32+00:00\",\"description\":\"Cabinet d'hypnoth\u00e9rapie \u00e0 Nantes - Hypnoth\u00e9rapeute Mathilde Habert \u00e0 Nantes - Prendre rendez-vous en ligne sur Terapiz\",\"breadcrumb\":{\"@id\":\"https:\\\/\\\/www.tanagram.fr\\\/fr\\\/une-seance-concretement\\\/#breadcrumb\"},\"inLanguage\":\"fr-FR\",\"potentialAction\":[{\"@type\":\"ReadAction\",\"target\":[\"https:\\\/\\\/www.tanagram.fr\\\/fr\\\/une-seance-concretement\\\/\"]}]},{\"@type\":\"ImageObject\",\"inLanguage\":\"fr-FR\",\"@id\":\"https:\\\/\\\/www.tanagram.fr\\\/fr\\\/une-seance-concretement\\\/#primaryimage\",\"url\":\"https:\\\/\\\/www.tanagram.fr\\\/fr\\\/wp-content\\\/uploads\\\/2023\\\/09\\\/pexels-cup-of-couple-6177608-edited.jpg\",\"contentUrl\":\"https:\\\/\\\/www.tanagram.fr\\\/fr\\\/wp-content\\\/uploads\\\/2023\\\/09\\\/pexels-cup-of-couple-6177608-edited.jpg\",\"width\":1280,\"height\":800},{\"@type\":\"BreadcrumbList\",\"@id\":\"https:\\\/\\\/www.tanagram.fr\\\/fr\\\/une-seance-concretement\\\/#breadcrumb\",\"itemListElement\":[{\"@type\":\"ListItem\",\"position\":1,\"name\":\"Accueil\",\"item\":\"https:\\\/\\\/www.tanagram.fr\\\/fr\\\/\"},{\"@type\":\"ListItem\",\"position\":2,\"name\":\"Une s\u00e9ance concr\u00e8tement\"}]},{\"@type\":\"WebSite\",\"@id\":\"https:\\\/\\\/www.tanagram.fr\\\/fr\\\/#website\",\"url\":\"https:\\\/\\\/www.tanagram.fr\\\/fr\\\/\",\"name\":\"Tanagram\",\"description\":\"Donnez du sens \u00e0 vos \u00e9motions\",\"potentialAction\":[{\"@type\":\"SearchAction\",\"target\":{\"@type\":\"EntryPoint\",\"urlTemplate\":\"https:\\\/\\\/www.tanagram.fr\\\/fr\\\/?s={search_term_string}\"},\"query-input\":{\"@type\":\"PropertyValueSpecification\",\"valueRequired\":true,\"valueName\":\"search_term_string\"}}],\"inLanguage\":\"fr-FR\"}]}<\/script>\n<!-- \/ Yoast SEO plugin. -->","yoast_head_json":{"title":"Une s\u00e9ance concr\u00e8tement - Tanagram","description":"Cabinet d'hypnoth\u00e9rapie \u00e0 Nantes - Hypnoth\u00e9rapeute Mathilde Habert \u00e0 Nantes - Prendre rendez-vous en ligne sur Terapiz","robots":{"index":"index","follow":"follow","max-snippet":"max-snippet:-1","max-image-preview":"max-image-preview:large","max-video-preview":"max-video-preview:-1"},"canonical":"https:\/\/www.tanagram.fr\/fr\/une-seance-concretement\/","og_locale":"fr_FR","og_type":"article","og_title":"Une s\u00e9ance concr\u00e8tement - Tanagram","og_description":"Cabinet d'hypnoth\u00e9rapie \u00e0 Nantes - Hypnoth\u00e9rapeute Mathilde Habert \u00e0 Nantes - Prendre rendez-vous en ligne sur Terapiz","og_url":"https:\/\/www.tanagram.fr\/fr\/une-seance-concretement\/","og_site_name":"Tanagram","article_modified_time":"2025-11-07T16:51:32+00:00","og_image":[{"width":1280,"height":800,"url":"https:\/\/www.tanagram.fr\/fr\/wp-content\/uploads\/2023\/09\/pexels-cup-of-couple-6177608-edited.jpg","type":"image\/jpeg"}],"twitter_card":"summary_large_image","twitter_misc":{"Dur\u00e9e de lecture estim\u00e9e":"2 minutes"},"schema":{"@context":"https:\/\/schema.org","@graph":[{"@type":"WebPage","@id":"https:\/\/www.tanagram.fr\/fr\/une-seance-concretement\/","url":"https:\/\/www.tanagram.fr\/fr\/une-seance-concretement\/","name":"Une s\u00e9ance concr\u00e8tement - Tanagram","isPartOf":{"@id":"https:\/\/www.tanagram.fr\/fr\/#website"},"primaryImageOfPage":{"@id":"https:\/\/www.tanagram.fr\/fr\/une-seance-concretement\/#primaryimage"},"image":{"@id":"https:\/\/www.tanagram.fr\/fr\/une-seance-concretement\/#primaryimage"},"thumbnailUrl":"https:\/\/www.tanagram.fr\/fr\/wp-content\/uploads\/2023\/09\/pexels-cup-of-couple-6177608-edited.jpg","datePublished":"2018-12-14T09:49:33+00:00","dateModified":"2025-11-07T16:51:32+00:00","description":"Cabinet d'hypnoth\u00e9rapie \u00e0 Nantes - Hypnoth\u00e9rapeute Mathilde Habert \u00e0 Nantes - Prendre rendez-vous en ligne sur Terapiz","breadcrumb":{"@id":"https:\/\/www.tanagram.fr\/fr\/une-seance-concretement\/#breadcrumb"},"inLanguage":"fr-FR","potentialAction":[{"@type":"ReadAction","target":["https:\/\/www.tanagram.fr\/fr\/une-seance-concretement\/"]}]},{"@type":"ImageObject","inLanguage":"fr-FR","@id":"https:\/\/www.tanagram.fr\/fr\/une-seance-concretement\/#primaryimage","url":"https:\/\/www.tanagram.fr\/fr\/wp-content\/uploads\/2023\/09\/pexels-cup-of-couple-6177608-edited.jpg","contentUrl":"https:\/\/www.tanagram.fr\/fr\/wp-content\/uploads\/2023\/09\/pexels-cup-of-couple-6177608-edited.jpg","width":1280,"height":800},{"@type":"BreadcrumbList","@id":"https:\/\/www.tanagram.fr\/fr\/une-seance-concretement\/#breadcrumb","itemListElement":[{"@type":"ListItem","position":1,"name":"Accueil","item":"https:\/\/www.tanagram.fr\/fr\/"},{"@type":"ListItem","position":2,"name":"Une s\u00e9ance concr\u00e8tement"}]},{"@type":"WebSite","@id":"https:\/\/www.tanagram.fr\/fr\/#website","url":"https:\/\/www.tanagram.fr\/fr\/","name":"Tanagram","description":"Donnez du sens \u00e0 vos \u00e9motions","potentialAction":[{"@type":"SearchAction","target":{"@type":"EntryPoint","urlTemplate":"https:\/\/www.tanagram.fr\/fr\/?s={search_term_string}"},"query-input":{"@type":"PropertyValueSpecification","valueRequired":true,"valueName":"search_term_string"}}],"inLanguage":"fr-FR"}]}},"_links":{"self":[{"href":"https:\/\/www.tanagram.fr\/fr\/wp-json\/wp\/v2\/pages\/12","targetHints":{"allow":["GET"]}}],"collection":[{"href":"https:\/\/www.tanagram.fr\/fr\/wp-json\/wp\/v2\/pages"}],"about":[{"href":"https:\/\/www.tanagram.fr\/fr\/wp-json\/wp\/v2\/types\/page"}],"author":[{"embeddable":true,"href":"https:\/\/www.tanagram.fr\/fr\/wp-json\/wp\/v2\/users\/2"}],"replies":[{"embeddable":true,"href":"https:\/\/www.tanagram.fr\/fr\/wp-json\/wp\/v2\/comments?post=12"}],"version-history":[{"count":94,"href":"https:\/\/www.tanagram.fr\/fr\/wp-json\/wp\/v2\/pages\/12\/revisions"}],"predecessor-version":[{"id":1691,"href":"https:\/\/www.tanagram.fr\/fr\/wp-json\/wp\/v2\/pages\/12\/revisions\/1691"}],"wp:attachment":[{"href":"https:\/\/www.tanagram.fr\/fr\/wp-json\/wp\/v2\/media?parent=12"}],"curies":[{"name":"wp","href":"https:\/\/api.w.org\/{rel}","templated":true}]}}