{"id":1328,"date":"2021-06-01T17:50:00","date_gmt":"2021-06-01T15:50:00","guid":{"rendered":"https:\/\/www.tanagram.fr\/fr\/?page_id=1328"},"modified":"2022-11-23T21:40:42","modified_gmt":"2022-11-23T20:40:42","slug":"vous-avez-des-questions","status":"publish","type":"page","link":"https:\/\/www.tanagram.fr\/fr\/vous-avez-des-questions\/","title":{"rendered":"Vous avez des questions ?"},"content":{"rendered":"\n<h2 class=\"wp-block-heading\">Indiquez ci-dessous vos coordonn\u00e9es pour \u00eatre recontact\u00e9.e<\/h2>\n\n\n        <script type=\"text\/javascript\">\n         function cp_contactformtoemail_pform_doValidate_1(form)\n         {\n            document.cp_contactformtoemail_pform_1.cp_ref_page.value = document.location;\n            $dexQuery = jQuery.noConflict();            if (document.cp_contactformtoemail_pform_1.hdcaptcha_cp_contactformtoemail_post.value == '') { setTimeout( \"cp_contactformtoemail_cerror_1()\", 100); return false; }\n            var result = $dexQuery.ajax({ type: \"GET\", url: \"\/fr?ps=_1&cp_contactformtoemail_pform_process=2&cp_contactformtoemail_id=2&inAdmin=1&ps=_1&hdcaptcha_cp_contactformtoemail_post=\"+document.cp_contactformtoemail_pform_1.hdcaptcha_cp_contactformtoemail_post.value, async: false }).responseText;\n            if (result.indexOf(\"captchafailed\") != -1) {\n                $dexQuery(\"#captchaimg_1\").attr('src', $dexQuery(\"#captchaimg_1\").attr('src')+'&'+Math.floor((Math.random() * 99999) + 1));\n                setTimeout( \"cp_contactformtoemail_cerror_1()\", 100);\n                return false;\n            } else             {\n                var cpefb_error = 0;\n                $dexQuery(\"#cp_contactformtoemail_pform_1\").find(\".cpefb_error\").each(function(index){\n                    if ($dexQuery(this).css(\"display\")!=\"none\")\n                        cpefb_error++;\n                    });\n                if (cpefb_error) return false;\n                if (document.cp_contactformtoemail_pform_1.cp_contactformtoemail_pform_status.value != '0')\n                           return false;\n                document.getElementById(\"refpage_1\").value = document.location;\n                cfte_blink(\".pbSubmit\");\n                document.cp_contactformtoemail_pform_1.cp_contactformtoemail_pform_status.value = '2';return true;            }\n         }\n         function cfte_blink(selector){\n                 try {\n                     $dexQuery = jQuery.noConflict();\n                     $dexQuery(selector).fadeOut(700, function(){\n                         $dexQuery(this).fadeIn(700, function(){\n                             try {\n                                 if (document.cp_contactformtoemail_pform_1.cp_contactformtoemail_pform_status.value != '0')\n                                     cfte_blink(this);\n                             } catch (e) {}\n                         });\n                     });\n                 } catch (e) {}\n         }\n         function cp_contactformtoemail_cerror_1(){$dexQuery = jQuery.noConflict();$dexQuery(\"#hdcaptcha_error_1\").css('top',$dexQuery(\"#hdcaptcha_cp_contactformtoemail_post_1\").outerHeight());$dexQuery(\"#hdcaptcha_error_1\").css(\"display\",\"inline\");}\n        <\/script>\n        <div id=\"cftedialog\" style=\"display:none;\"><\/div>\n        <form class=\"cpp_form no-prefetch\" name=\"cp_contactformtoemail_pform_1\" id=\"cp_contactformtoemail_pform_1\" action=\"\/fr\/vous-avez-des-questions\/?ahbnocache=320644\" method=\"post\" enctype=\"multipart\/form-data\" onsubmit=\"return cp_contactformtoemail_pform_doValidate_1(this);\"><input type=\"hidden\" name=\"cp_pform_psequence\" value=\"_1\" \/><input type=\"hidden\" name=\"cp_contactformtoemail_pform_process\" value=\"1\" \/><input type=\"hidden\" name=\"cp_contactformtoemail_id\" value=\"2\" \/><input type=\"hidden\" name=\"cp_ref_page\" value=\"\" \/><input type=\"hidden\" name=\"form_structure_1\" id=\"form_structure_1\" size=\"180\" value=\"[[{&quot;name&quot;:&quot;email&quot;,&quot;index&quot;:0,&quot;title&quot;:&quot;E-Mail&quot;,&quot;ftype&quot;:&quot;femail&quot;,&quot;userhelp&quot;:&quot;&quot;,&quot;csslayout&quot;:&quot;&quot;,&quot;required&quot;:true,&quot;predefined&quot;:&quot;&quot;,&quot;size&quot;:&quot;medium&quot;,&quot;shortlabel&quot;:&quot;&quot;,&quot;userhelpTooltip&quot;:&quot;&quot;,&quot;predefinedClick&quot;:false,&quot;equalTo&quot;:&quot;&quot;},{&quot;name&quot;:&quot;subject&quot;,&quot;index&quot;:1,&quot;title&quot;:&quot;Objet&quot;,&quot;required&quot;:true,&quot;ftype&quot;:&quot;ftext&quot;,&quot;userhelp&quot;:&quot;&quot;,&quot;csslayout&quot;:&quot;&quot;,&quot;predefined&quot;:&quot;&quot;,&quot;size&quot;:&quot;medium&quot;,&quot;shortlabel&quot;:&quot;&quot;,&quot;userhelpTooltip&quot;:&quot;&quot;,&quot;predefinedClick&quot;:false,&quot;minlength&quot;:&quot;&quot;,&quot;maxlength&quot;:&quot;&quot;,&quot;equalTo&quot;:&quot;&quot;},{&quot;name&quot;:&quot;message&quot;,&quot;index&quot;:2,&quot;size&quot;:&quot;large&quot;,&quot;required&quot;:true,&quot;title&quot;:&quot;Message&quot;,&quot;ftype&quot;:&quot;ftextarea&quot;,&quot;userhelp&quot;:&quot;&quot;,&quot;csslayout&quot;:&quot;&quot;,&quot;predefined&quot;:&quot;&quot;,&quot;shortlabel&quot;:&quot;&quot;,&quot;userhelpTooltip&quot;:&quot;&quot;,&quot;predefinedClick&quot;:false,&quot;minlength&quot;:&quot;&quot;,&quot;maxlength&quot;:&quot;&quot;}],[{&quot;title&quot;:&quot;Contact Form&quot;,&quot;description&quot;:&quot;&quot;,&quot;formlayout&quot;:&quot;top_aligned&quot;}]]\" \/><input type=\"hidden\" name=\"refpage_1\" id=\"refpage_1\" value=\"\"><input type=\"hidden\" name=\"cp_contactformtoemail_pform_status\" value=\"0\" \/><input name=\"anonce\" type=\"hidden\" value=\"6934d59073\"\/><input name=\"cftehp\" id=\"cftehp_1\" type=\"hidden\" value=\"1\"\/>\r\n<div id=\"fbuilder\">    \r\n    <div id=\"fbuilder_1\">\r\n        <div id=\"formheader_1\"><\/div>\r\n        <div id=\"fieldlist_1\"><\/div>\r\n    <\/div>\r\n<\/div>    \r\n<div style=\"display:none\">\r\n<input name=\"cftecontrolmessage\" type=\"text\" value=\"\"\/> \r\n<div id=\"cpcaptchalayer_1\" class=\"cpcaptchalayer\">\r\n  Code de s\u00e9curit\u00e9:<br \/>\r\n  <img decoding=\"async\" src=\"\/fr?cp_contactformtoemail_captcha=captcha&#038;ps=_1&#038;inAdmin=1&#038;width=170&#038;height=65&#038;letter_count=5&#038;min_size=25&#038;max_size=30&#038;noise=190&#038;noiselength=4&#038;bcolor=ffffff&#038;border=000000&#038;font=font1\"  id=\"captchaimg_1\" alt=\"security code\" border=\"0\" class=\"skip-lazy\"  \/>\r\n  <br \/>Merci d&#039;entrer le code de s\u00e9curit\u00e9:<br \/>\r\n  <div class=\"dfield\"><input type=\"text\" size=\"20\" name=\"hdcaptcha_cp_contactformtoemail_post\" id=\"hdcaptcha_cp_contactformtoemail_post_1\" value=\"\" \/>\r\n  <div class=\"cpefb_error message\" id=\"hdcaptcha_error_1\" generated=\"true\" style=\"display:none;position: absolute; left: 0px; top: 25px;\">Veuillez entrer un code de captcha valide.<\/div>\r\n  <\/div><br \/>  \r\n<\/div>\r\n<\/div>\r\n<div id=\"cp_subbtn_1\" class=\"cp_subbtn\">Submit<\/div>\r\n<\/form>\r\n<script>\r\ntry{document.getElementById(\"cftehp_1\").value=\"25\";}catch(e){}\r\n<\/script>\r\n\n\n\n<p><\/p>\n","protected":false},"excerpt":{"rendered":"<p>Indiquez ci-dessous vos coordonn\u00e9es pour \u00eatre recontact\u00e9.e<\/p>\n","protected":false},"author":2,"featured_media":0,"parent":0,"menu_order":0,"comment_status":"closed","ping_status":"closed","template":"","meta":{"footnotes":""},"class_list":["post-1328","page","type-page","status-publish","hentry"],"yoast_head":"<!-- This site is optimized with the Yoast SEO plugin v27.3 - https:\/\/yoast.com\/product\/yoast-seo-wordpress\/ -->\n<title>Vous avez des questions ? - Tanagram<\/title>\n<meta name=\"description\" content=\"B\u00e9n\u00e9ficiez d&#039;un entretien gratuit de 30 minutes pour \u00e9changer sur vos besoins actuels: changement de vie pro ou perso\" \/>\n<meta name=\"robots\" content=\"index, follow, max-snippet:-1, max-image-preview:large, max-video-preview:-1\" \/>\n<link rel=\"canonical\" href=\"https:\/\/www.tanagram.fr\/fr\/vous-avez-des-questions\/\" \/>\n<meta property=\"og:locale\" content=\"fr_FR\" \/>\n<meta property=\"og:type\" content=\"article\" \/>\n<meta property=\"og:title\" content=\"Vous avez des questions ? - Tanagram\" \/>\n<meta property=\"og:description\" content=\"B\u00e9n\u00e9ficiez d&#039;un entretien gratuit de 30 minutes pour \u00e9changer sur vos besoins actuels: changement de vie pro ou perso\" \/>\n<meta property=\"og:url\" content=\"https:\/\/www.tanagram.fr\/fr\/vous-avez-des-questions\/\" \/>\n<meta property=\"og:site_name\" content=\"Tanagram\" \/>\n<meta property=\"article:modified_time\" content=\"2022-11-23T20:40:42+00:00\" \/>\n<meta name=\"twitter:card\" content=\"summary_large_image\" \/>\n<meta name=\"twitter:label1\" content=\"Dur\u00e9e de lecture estim\u00e9e\" \/>\n\t<meta name=\"twitter:data1\" content=\"1 minute\" \/>\n<script type=\"application\/ld+json\" class=\"yoast-schema-graph\">{\"@context\":\"https:\\\/\\\/schema.org\",\"@graph\":[{\"@type\":\"WebPage\",\"@id\":\"https:\\\/\\\/www.tanagram.fr\\\/fr\\\/vous-avez-des-questions\\\/\",\"url\":\"https:\\\/\\\/www.tanagram.fr\\\/fr\\\/vous-avez-des-questions\\\/\",\"name\":\"Vous avez des questions ? - Tanagram\",\"isPartOf\":{\"@id\":\"https:\\\/\\\/www.tanagram.fr\\\/fr\\\/#website\"},\"datePublished\":\"2021-06-01T15:50:00+00:00\",\"dateModified\":\"2022-11-23T20:40:42+00:00\",\"description\":\"B\u00e9n\u00e9ficiez d'un entretien gratuit de 30 minutes pour \u00e9changer sur vos besoins actuels: changement de vie pro ou perso\",\"breadcrumb\":{\"@id\":\"https:\\\/\\\/www.tanagram.fr\\\/fr\\\/vous-avez-des-questions\\\/#breadcrumb\"},\"inLanguage\":\"fr-FR\",\"potentialAction\":[{\"@type\":\"ReadAction\",\"target\":[\"https:\\\/\\\/www.tanagram.fr\\\/fr\\\/vous-avez-des-questions\\\/\"]}]},{\"@type\":\"BreadcrumbList\",\"@id\":\"https:\\\/\\\/www.tanagram.fr\\\/fr\\\/vous-avez-des-questions\\\/#breadcrumb\",\"itemListElement\":[{\"@type\":\"ListItem\",\"position\":1,\"name\":\"Accueil\",\"item\":\"https:\\\/\\\/www.tanagram.fr\\\/fr\\\/\"},{\"@type\":\"ListItem\",\"position\":2,\"name\":\"Vous avez des questions ?\"}]},{\"@type\":\"WebSite\",\"@id\":\"https:\\\/\\\/www.tanagram.fr\\\/fr\\\/#website\",\"url\":\"https:\\\/\\\/www.tanagram.fr\\\/fr\\\/\",\"name\":\"Tanagram\",\"description\":\"Donnez du sens \u00e0 vos \u00e9motions\",\"potentialAction\":[{\"@type\":\"SearchAction\",\"target\":{\"@type\":\"EntryPoint\",\"urlTemplate\":\"https:\\\/\\\/www.tanagram.fr\\\/fr\\\/?s={search_term_string}\"},\"query-input\":{\"@type\":\"PropertyValueSpecification\",\"valueRequired\":true,\"valueName\":\"search_term_string\"}}],\"inLanguage\":\"fr-FR\"}]}<\/script>\n<!-- \/ Yoast SEO plugin. -->","yoast_head_json":{"title":"Vous avez des questions ? - Tanagram","description":"B\u00e9n\u00e9ficiez d'un entretien gratuit de 30 minutes pour \u00e9changer sur vos besoins actuels: changement de vie pro ou perso","robots":{"index":"index","follow":"follow","max-snippet":"max-snippet:-1","max-image-preview":"max-image-preview:large","max-video-preview":"max-video-preview:-1"},"canonical":"https:\/\/www.tanagram.fr\/fr\/vous-avez-des-questions\/","og_locale":"fr_FR","og_type":"article","og_title":"Vous avez des questions ? - Tanagram","og_description":"B\u00e9n\u00e9ficiez d'un entretien gratuit de 30 minutes pour \u00e9changer sur vos besoins actuels: changement de vie pro ou perso","og_url":"https:\/\/www.tanagram.fr\/fr\/vous-avez-des-questions\/","og_site_name":"Tanagram","article_modified_time":"2022-11-23T20:40:42+00:00","twitter_card":"summary_large_image","twitter_misc":{"Dur\u00e9e de lecture estim\u00e9e":"1 minute"},"schema":{"@context":"https:\/\/schema.org","@graph":[{"@type":"WebPage","@id":"https:\/\/www.tanagram.fr\/fr\/vous-avez-des-questions\/","url":"https:\/\/www.tanagram.fr\/fr\/vous-avez-des-questions\/","name":"Vous avez des questions ? - Tanagram","isPartOf":{"@id":"https:\/\/www.tanagram.fr\/fr\/#website"},"datePublished":"2021-06-01T15:50:00+00:00","dateModified":"2022-11-23T20:40:42+00:00","description":"B\u00e9n\u00e9ficiez d'un entretien gratuit de 30 minutes pour \u00e9changer sur vos besoins actuels: changement de vie pro ou perso","breadcrumb":{"@id":"https:\/\/www.tanagram.fr\/fr\/vous-avez-des-questions\/#breadcrumb"},"inLanguage":"fr-FR","potentialAction":[{"@type":"ReadAction","target":["https:\/\/www.tanagram.fr\/fr\/vous-avez-des-questions\/"]}]},{"@type":"BreadcrumbList","@id":"https:\/\/www.tanagram.fr\/fr\/vous-avez-des-questions\/#breadcrumb","itemListElement":[{"@type":"ListItem","position":1,"name":"Accueil","item":"https:\/\/www.tanagram.fr\/fr\/"},{"@type":"ListItem","position":2,"name":"Vous avez des questions ?"}]},{"@type":"WebSite","@id":"https:\/\/www.tanagram.fr\/fr\/#website","url":"https:\/\/www.tanagram.fr\/fr\/","name":"Tanagram","description":"Donnez du sens \u00e0 vos \u00e9motions","potentialAction":[{"@type":"SearchAction","target":{"@type":"EntryPoint","urlTemplate":"https:\/\/www.tanagram.fr\/fr\/?s={search_term_string}"},"query-input":{"@type":"PropertyValueSpecification","valueRequired":true,"valueName":"search_term_string"}}],"inLanguage":"fr-FR"}]}},"_links":{"self":[{"href":"https:\/\/www.tanagram.fr\/fr\/wp-json\/wp\/v2\/pages\/1328","targetHints":{"allow":["GET"]}}],"collection":[{"href":"https:\/\/www.tanagram.fr\/fr\/wp-json\/wp\/v2\/pages"}],"about":[{"href":"https:\/\/www.tanagram.fr\/fr\/wp-json\/wp\/v2\/types\/page"}],"author":[{"embeddable":true,"href":"https:\/\/www.tanagram.fr\/fr\/wp-json\/wp\/v2\/users\/2"}],"replies":[{"embeddable":true,"href":"https:\/\/www.tanagram.fr\/fr\/wp-json\/wp\/v2\/comments?post=1328"}],"version-history":[{"count":2,"href":"https:\/\/www.tanagram.fr\/fr\/wp-json\/wp\/v2\/pages\/1328\/revisions"}],"predecessor-version":[{"id":1453,"href":"https:\/\/www.tanagram.fr\/fr\/wp-json\/wp\/v2\/pages\/1328\/revisions\/1453"}],"wp:attachment":[{"href":"https:\/\/www.tanagram.fr\/fr\/wp-json\/wp\/v2\/media?parent=1328"}],"curies":[{"name":"wp","href":"https:\/\/api.w.org\/{rel}","templated":true}]}}