{"id":1339,"date":"2021-06-04T16:06:18","date_gmt":"2021-06-04T14:06:18","guid":{"rendered":"https:\/\/www.tanagram.fr\/fr\/?page_id=1339"},"modified":"2025-11-04T17:48:31","modified_gmt":"2025-11-04T16:48:31","slug":"temoignages","status":"publish","type":"page","link":"https:\/\/www.tanagram.fr\/fr\/temoignages\/","title":{"rendered":"Ce que disent mes client.e.s"},"content":{"rendered":"\n<p>Retrouvez tous mes avis sur ma fiche Google Maps<\/p>\n\n\n<div class=\"wp-block-image\">\n<figure class=\"aligncenter size-large\"><img fetchpriority=\"high\" decoding=\"async\" width=\"806\" height=\"280\" src=\"https:\/\/www.tanagram.fr\/fr\/wp-content\/uploads\/2025\/11\/Capture-decran-25.png\" alt=\"\" class=\"wp-image-1636\" srcset=\"https:\/\/www.tanagram.fr\/fr\/wp-content\/uploads\/2025\/11\/Capture-decran-25.png 806w, https:\/\/www.tanagram.fr\/fr\/wp-content\/uploads\/2025\/11\/Capture-decran-25-300x104.png 300w, https:\/\/www.tanagram.fr\/fr\/wp-content\/uploads\/2025\/11\/Capture-decran-25-768x267.png 768w\" sizes=\"(max-width: 767px) 89vw, (max-width: 1000px) 54vw, (max-width: 1071px) 543px, 580px\" \/><\/figure>\n<\/div>\n\n\n<div class=\"wp-block-group\"><div class=\"wp-block-group__inner-container is-layout-constrained wp-block-group-is-layout-constrained\">\n<figure class=\"wp-block-gallery has-nested-images columns-default is-cropped wp-block-gallery-1 is-layout-flex wp-block-gallery-is-layout-flex\"><div class=\"wp-block-image\">\n<figure class=\"aligncenter size-large\"><img decoding=\"async\" width=\"774\" height=\"506\" data-id=\"1654\" src=\"https:\/\/www.tanagram.fr\/fr\/wp-content\/uploads\/2025\/11\/Capture-decran-37.png\" alt=\"\" class=\"wp-image-1654\" srcset=\"https:\/\/www.tanagram.fr\/fr\/wp-content\/uploads\/2025\/11\/Capture-decran-37.png 774w, https:\/\/www.tanagram.fr\/fr\/wp-content\/uploads\/2025\/11\/Capture-decran-37-300x196.png 300w, https:\/\/www.tanagram.fr\/fr\/wp-content\/uploads\/2025\/11\/Capture-decran-37-768x502.png 768w\" sizes=\"(max-width: 767px) 89vw, (max-width: 1000px) 54vw, (max-width: 1071px) 543px, 580px\" \/><\/figure>\n<\/div><\/figure>\n<\/div><\/div>\n\n\n\n<figure class=\"wp-block-gallery has-nested-images columns-default is-cropped wp-block-gallery-2 is-layout-flex wp-block-gallery-is-layout-flex\">\n<figure class=\"wp-block-image size-large\"><img decoding=\"async\" width=\"772\" height=\"313\" data-id=\"1653\" src=\"https:\/\/www.tanagram.fr\/fr\/wp-content\/uploads\/2025\/11\/Capture-decran-36.png\" alt=\"\" class=\"wp-image-1653\" srcset=\"https:\/\/www.tanagram.fr\/fr\/wp-content\/uploads\/2025\/11\/Capture-decran-36.png 772w, https:\/\/www.tanagram.fr\/fr\/wp-content\/uploads\/2025\/11\/Capture-decran-36-300x122.png 300w, https:\/\/www.tanagram.fr\/fr\/wp-content\/uploads\/2025\/11\/Capture-decran-36-768x311.png 768w\" sizes=\"(max-width: 767px) 89vw, (max-width: 1000px) 54vw, (max-width: 1071px) 543px, 580px\" \/><\/figure>\n\n\n<div class=\"wp-block-image\">\n<figure class=\"aligncenter size-large\"><img loading=\"lazy\" decoding=\"async\" width=\"817\" height=\"393\" data-id=\"1629\" src=\"https:\/\/www.tanagram.fr\/fr\/wp-content\/uploads\/2025\/11\/Capture-decran-20.png\" alt=\"\" class=\"wp-image-1629\" srcset=\"https:\/\/www.tanagram.fr\/fr\/wp-content\/uploads\/2025\/11\/Capture-decran-20.png 817w, https:\/\/www.tanagram.fr\/fr\/wp-content\/uploads\/2025\/11\/Capture-decran-20-300x144.png 300w, https:\/\/www.tanagram.fr\/fr\/wp-content\/uploads\/2025\/11\/Capture-decran-20-768x369.png 768w\" sizes=\"(max-width: 767px) 89vw, (max-width: 1000px) 54vw, (max-width: 1071px) 543px, 580px\" \/><\/figure>\n<\/div>\n\n\n<figure class=\"wp-block-image size-large\"><img loading=\"lazy\" decoding=\"async\" width=\"845\" height=\"350\" data-id=\"1635\" src=\"https:\/\/www.tanagram.fr\/fr\/wp-content\/uploads\/2025\/11\/Capture-decran-24.png\" alt=\"\" class=\"wp-image-1635\" srcset=\"https:\/\/www.tanagram.fr\/fr\/wp-content\/uploads\/2025\/11\/Capture-decran-24.png 845w, https:\/\/www.tanagram.fr\/fr\/wp-content\/uploads\/2025\/11\/Capture-decran-24-300x124.png 300w, https:\/\/www.tanagram.fr\/fr\/wp-content\/uploads\/2025\/11\/Capture-decran-24-768x318.png 768w\" sizes=\"(max-width: 767px) 89vw, (max-width: 1000px) 54vw, (max-width: 1071px) 543px, 580px\" \/><\/figure>\n<\/figure>\n\n\n<div class=\"wp-block-image\">\n<figure class=\"aligncenter size-large\"><img loading=\"lazy\" decoding=\"async\" width=\"790\" height=\"381\" src=\"https:\/\/www.tanagram.fr\/fr\/wp-content\/uploads\/2025\/11\/Capture-decran-26.png\" alt=\"\" class=\"wp-image-1639\" srcset=\"https:\/\/www.tanagram.fr\/fr\/wp-content\/uploads\/2025\/11\/Capture-decran-26.png 790w, https:\/\/www.tanagram.fr\/fr\/wp-content\/uploads\/2025\/11\/Capture-decran-26-300x145.png 300w, https:\/\/www.tanagram.fr\/fr\/wp-content\/uploads\/2025\/11\/Capture-decran-26-768x370.png 768w\" sizes=\"(max-width: 767px) 89vw, (max-width: 1000px) 54vw, (max-width: 1071px) 543px, 580px\" \/><\/figure>\n<\/div>\n\n\n<figure class=\"wp-block-gallery aligncenter has-nested-images columns-default is-cropped wp-block-gallery-3 is-layout-flex wp-block-gallery-is-layout-flex\">\n<figure class=\"wp-block-image size-large\"><img loading=\"lazy\" decoding=\"async\" width=\"770\" height=\"313\" data-id=\"1630\" src=\"https:\/\/www.tanagram.fr\/fr\/wp-content\/uploads\/2025\/11\/Capture-decran-22.png\" alt=\"\" class=\"wp-image-1630\" srcset=\"https:\/\/www.tanagram.fr\/fr\/wp-content\/uploads\/2025\/11\/Capture-decran-22.png 770w, https:\/\/www.tanagram.fr\/fr\/wp-content\/uploads\/2025\/11\/Capture-decran-22-300x122.png 300w, https:\/\/www.tanagram.fr\/fr\/wp-content\/uploads\/2025\/11\/Capture-decran-22-768x312.png 768w\" sizes=\"(max-width: 767px) 89vw, (max-width: 1000px) 54vw, (max-width: 1071px) 543px, 580px\" \/><\/figure>\n<\/figure>\n\n\n\n<figure class=\"wp-block-image size-large\"><img loading=\"lazy\" decoding=\"async\" width=\"787\" height=\"268\" src=\"https:\/\/www.tanagram.fr\/fr\/wp-content\/uploads\/2025\/11\/Capture-decran-33.png\" alt=\"\" class=\"wp-image-1647\" srcset=\"https:\/\/www.tanagram.fr\/fr\/wp-content\/uploads\/2025\/11\/Capture-decran-33.png 787w, https:\/\/www.tanagram.fr\/fr\/wp-content\/uploads\/2025\/11\/Capture-decran-33-300x102.png 300w, https:\/\/www.tanagram.fr\/fr\/wp-content\/uploads\/2025\/11\/Capture-decran-33-768x262.png 768w\" sizes=\"(max-width: 767px) 89vw, (max-width: 1000px) 54vw, (max-width: 1071px) 543px, 580px\" \/><\/figure>\n\n\n<div class=\"wp-block-image\">\n<figure class=\"aligncenter size-large\"><img loading=\"lazy\" decoding=\"async\" width=\"822\" height=\"395\" src=\"https:\/\/www.tanagram.fr\/fr\/wp-content\/uploads\/2025\/11\/Capture-decran-23.png\" alt=\"\" class=\"wp-image-1628\" srcset=\"https:\/\/www.tanagram.fr\/fr\/wp-content\/uploads\/2025\/11\/Capture-decran-23.png 822w, https:\/\/www.tanagram.fr\/fr\/wp-content\/uploads\/2025\/11\/Capture-decran-23-300x144.png 300w, https:\/\/www.tanagram.fr\/fr\/wp-content\/uploads\/2025\/11\/Capture-decran-23-768x369.png 768w\" sizes=\"(max-width: 767px) 89vw, (max-width: 1000px) 54vw, (max-width: 1071px) 543px, 580px\" \/><\/figure>\n<\/div>\n\n\n<figure class=\"wp-block-image size-large\"><img loading=\"lazy\" decoding=\"async\" width=\"799\" height=\"419\" src=\"https:\/\/www.tanagram.fr\/fr\/wp-content\/uploads\/2025\/11\/Capture-decran-27.png\" alt=\"\" class=\"wp-image-1640\" srcset=\"https:\/\/www.tanagram.fr\/fr\/wp-content\/uploads\/2025\/11\/Capture-decran-27.png 799w, https:\/\/www.tanagram.fr\/fr\/wp-content\/uploads\/2025\/11\/Capture-decran-27-300x157.png 300w, https:\/\/www.tanagram.fr\/fr\/wp-content\/uploads\/2025\/11\/Capture-decran-27-768x403.png 768w\" sizes=\"(max-width: 767px) 89vw, (max-width: 1000px) 54vw, (max-width: 1071px) 543px, 580px\" \/><\/figure>\n\n\n<div class=\"wp-block-image\">\n<figure class=\"aligncenter size-large\"><img loading=\"lazy\" decoding=\"async\" width=\"786\" height=\"352\" src=\"https:\/\/www.tanagram.fr\/fr\/wp-content\/uploads\/2025\/11\/Capture-decran-28.png\" alt=\"\" class=\"wp-image-1641\" srcset=\"https:\/\/www.tanagram.fr\/fr\/wp-content\/uploads\/2025\/11\/Capture-decran-28.png 786w, https:\/\/www.tanagram.fr\/fr\/wp-content\/uploads\/2025\/11\/Capture-decran-28-300x134.png 300w, https:\/\/www.tanagram.fr\/fr\/wp-content\/uploads\/2025\/11\/Capture-decran-28-768x344.png 768w\" sizes=\"(max-width: 767px) 89vw, (max-width: 1000px) 54vw, (max-width: 1071px) 543px, 580px\" \/><\/figure>\n<\/div>\n\n<div class=\"wp-block-image\">\n<figure class=\"aligncenter size-large\"><img loading=\"lazy\" decoding=\"async\" width=\"785\" height=\"303\" src=\"https:\/\/www.tanagram.fr\/fr\/wp-content\/uploads\/2025\/11\/Capture-decran-31.png\" alt=\"\" class=\"wp-image-1643\" srcset=\"https:\/\/www.tanagram.fr\/fr\/wp-content\/uploads\/2025\/11\/Capture-decran-31.png 785w, https:\/\/www.tanagram.fr\/fr\/wp-content\/uploads\/2025\/11\/Capture-decran-31-300x116.png 300w, https:\/\/www.tanagram.fr\/fr\/wp-content\/uploads\/2025\/11\/Capture-decran-31-768x296.png 768w\" sizes=\"(max-width: 767px) 89vw, (max-width: 1000px) 54vw, (max-width: 1071px) 543px, 580px\" \/><\/figure>\n<\/div>\n\n<div class=\"wp-block-image\">\n<figure class=\"aligncenter size-large\"><img loading=\"lazy\" decoding=\"async\" width=\"789\" height=\"355\" src=\"https:\/\/www.tanagram.fr\/fr\/wp-content\/uploads\/2025\/11\/Capture-decran-29.png\" alt=\"\" class=\"wp-image-1642\" srcset=\"https:\/\/www.tanagram.fr\/fr\/wp-content\/uploads\/2025\/11\/Capture-decran-29.png 789w, https:\/\/www.tanagram.fr\/fr\/wp-content\/uploads\/2025\/11\/Capture-decran-29-300x135.png 300w, https:\/\/www.tanagram.fr\/fr\/wp-content\/uploads\/2025\/11\/Capture-decran-29-768x346.png 768w\" sizes=\"(max-width: 767px) 89vw, (max-width: 1000px) 54vw, (max-width: 1071px) 543px, 580px\" \/><\/figure>\n<\/div>\n\n<div class=\"wp-block-image\">\n<figure class=\"aligncenter size-large\"><img loading=\"lazy\" decoding=\"async\" width=\"787\" height=\"373\" src=\"https:\/\/www.tanagram.fr\/fr\/wp-content\/uploads\/2025\/11\/Capture-decran-34.png\" alt=\"\" class=\"wp-image-1646\" srcset=\"https:\/\/www.tanagram.fr\/fr\/wp-content\/uploads\/2025\/11\/Capture-decran-34.png 787w, https:\/\/www.tanagram.fr\/fr\/wp-content\/uploads\/2025\/11\/Capture-decran-34-300x142.png 300w, https:\/\/www.tanagram.fr\/fr\/wp-content\/uploads\/2025\/11\/Capture-decran-34-768x364.png 768w\" sizes=\"(max-width: 767px) 89vw, (max-width: 1000px) 54vw, (max-width: 1071px) 543px, 580px\" \/><\/figure>\n<\/div>\n\n\n<figure class=\"wp-block-image size-large\"><img loading=\"lazy\" decoding=\"async\" width=\"789\" height=\"452\" src=\"https:\/\/www.tanagram.fr\/fr\/wp-content\/uploads\/2025\/11\/Capture-decran-30.png\" alt=\"\" class=\"wp-image-1644\" srcset=\"https:\/\/www.tanagram.fr\/fr\/wp-content\/uploads\/2025\/11\/Capture-decran-30.png 789w, https:\/\/www.tanagram.fr\/fr\/wp-content\/uploads\/2025\/11\/Capture-decran-30-300x172.png 300w, https:\/\/www.tanagram.fr\/fr\/wp-content\/uploads\/2025\/11\/Capture-decran-30-768x440.png 768w\" sizes=\"(max-width: 767px) 89vw, (max-width: 1000px) 54vw, (max-width: 1071px) 543px, 580px\" \/><\/figure>\n\n\n<div class=\"wp-block-image\">\n<figure class=\"aligncenter size-large\"><img loading=\"lazy\" decoding=\"async\" width=\"782\" height=\"291\" src=\"https:\/\/www.tanagram.fr\/fr\/wp-content\/uploads\/2025\/11\/Capture-decran-35.png\" alt=\"\" class=\"wp-image-1650\" srcset=\"https:\/\/www.tanagram.fr\/fr\/wp-content\/uploads\/2025\/11\/Capture-decran-35.png 782w, https:\/\/www.tanagram.fr\/fr\/wp-content\/uploads\/2025\/11\/Capture-decran-35-300x112.png 300w, https:\/\/www.tanagram.fr\/fr\/wp-content\/uploads\/2025\/11\/Capture-decran-35-768x286.png 768w\" sizes=\"(max-width: 767px) 89vw, (max-width: 1000px) 54vw, (max-width: 1071px) 543px, 580px\" \/><\/figure>\n<\/div>\n\n\n<figure class=\"wp-block-image size-large\"><img loading=\"lazy\" decoding=\"async\" width=\"777\" height=\"350\" src=\"https:\/\/www.tanagram.fr\/fr\/wp-content\/uploads\/2025\/11\/Capture-decran-32.png\" alt=\"\" class=\"wp-image-1645\" srcset=\"https:\/\/www.tanagram.fr\/fr\/wp-content\/uploads\/2025\/11\/Capture-decran-32.png 777w, https:\/\/www.tanagram.fr\/fr\/wp-content\/uploads\/2025\/11\/Capture-decran-32-300x135.png 300w, https:\/\/www.tanagram.fr\/fr\/wp-content\/uploads\/2025\/11\/Capture-decran-32-768x346.png 768w\" sizes=\"(max-width: 767px) 89vw, (max-width: 1000px) 54vw, (max-width: 1071px) 543px, 580px\" \/><\/figure>\n\n\n\n<div class=\"wp-block-buttons is-layout-flex wp-block-buttons-is-layout-flex\">\n<div class=\"wp-block-button aligncenter\"><a class=\"wp-block-button__link has-white-color has-vivid-cyan-blue-background-color has-text-color has-background wp-element-button\" href=\"https:\/\/www.tanagram.fr\/fr\/prise-de-rdv-therapie\/\">Tarifs &amp; Prise de Rdv<\/a><\/div>\n<\/div>\n","protected":false},"excerpt":{"rendered":"<p>Retrouvez tous mes avis sur ma fiche Google Maps<\/p>\n","protected":false},"author":2,"featured_media":0,"parent":0,"menu_order":0,"comment_status":"closed","ping_status":"closed","template":"","meta":{"footnotes":""},"class_list":["post-1339","page","type-page","status-publish","hentry"],"yoast_head":"<!-- This site is optimized with the Yoast SEO plugin v27.5 - https:\/\/yoast.com\/product\/yoast-seo-wordpress\/ -->\n<title>Ce que disent mes client.e.s - Tanagram<\/title>\n<meta name=\"description\" content=\"Tr\u00e8s bonne exp\u00e9rience suite \u00e0 une consultation pour gestion du stress. Excellente hypnoth\u00e9rapeute \u00e0 Nantes, je recommande vivement.\" \/>\n<meta name=\"robots\" content=\"index, follow, max-snippet:-1, max-image-preview:large, max-video-preview:-1\" \/>\n<link rel=\"canonical\" href=\"https:\/\/www.tanagram.fr\/fr\/temoignages\/\" \/>\n<meta property=\"og:locale\" content=\"fr_FR\" \/>\n<meta property=\"og:type\" content=\"article\" \/>\n<meta property=\"og:title\" content=\"Ce que disent mes client.e.s - Tanagram\" \/>\n<meta property=\"og:description\" content=\"Tr\u00e8s bonne exp\u00e9rience suite \u00e0 une consultation pour gestion du stress. Excellente hypnoth\u00e9rapeute \u00e0 Nantes, je recommande vivement.\" \/>\n<meta property=\"og:url\" content=\"https:\/\/www.tanagram.fr\/fr\/temoignages\/\" \/>\n<meta property=\"og:site_name\" content=\"Tanagram\" \/>\n<meta property=\"article:modified_time\" content=\"2025-11-04T16:48:31+00:00\" \/>\n<meta property=\"og:image\" content=\"https:\/\/www.tanagram.fr\/fr\/wp-content\/uploads\/2025\/11\/Capture-decran-25.png\" \/>\n\t<meta property=\"og:image:width\" content=\"806\" \/>\n\t<meta property=\"og:image:height\" content=\"280\" \/>\n\t<meta property=\"og:image:type\" content=\"image\/png\" \/>\n<meta name=\"twitter:card\" content=\"summary_large_image\" \/>\n<meta name=\"twitter:label1\" content=\"Dur\u00e9e de lecture estim\u00e9e\" \/>\n\t<meta name=\"twitter:data1\" content=\"4 minutes\" \/>\n<script type=\"application\/ld+json\" class=\"yoast-schema-graph\">{\"@context\":\"https:\\\/\\\/schema.org\",\"@graph\":[{\"@type\":\"WebPage\",\"@id\":\"https:\\\/\\\/www.tanagram.fr\\\/fr\\\/temoignages\\\/\",\"url\":\"https:\\\/\\\/www.tanagram.fr\\\/fr\\\/temoignages\\\/\",\"name\":\"Ce que disent mes client.e.s - Tanagram\",\"isPartOf\":{\"@id\":\"https:\\\/\\\/www.tanagram.fr\\\/fr\\\/#website\"},\"primaryImageOfPage\":{\"@id\":\"https:\\\/\\\/www.tanagram.fr\\\/fr\\\/temoignages\\\/#primaryimage\"},\"image\":{\"@id\":\"https:\\\/\\\/www.tanagram.fr\\\/fr\\\/temoignages\\\/#primaryimage\"},\"thumbnailUrl\":\"https:\\\/\\\/www.tanagram.fr\\\/fr\\\/wp-content\\\/uploads\\\/2025\\\/11\\\/Capture-decran-25.png\",\"datePublished\":\"2021-06-04T14:06:18+00:00\",\"dateModified\":\"2025-11-04T16:48:31+00:00\",\"description\":\"Tr\u00e8s bonne exp\u00e9rience suite \u00e0 une consultation pour gestion du stress. Excellente hypnoth\u00e9rapeute \u00e0 Nantes, je recommande vivement.\",\"breadcrumb\":{\"@id\":\"https:\\\/\\\/www.tanagram.fr\\\/fr\\\/temoignages\\\/#breadcrumb\"},\"inLanguage\":\"fr-FR\",\"potentialAction\":[{\"@type\":\"ReadAction\",\"target\":[\"https:\\\/\\\/www.tanagram.fr\\\/fr\\\/temoignages\\\/\"]}]},{\"@type\":\"ImageObject\",\"inLanguage\":\"fr-FR\",\"@id\":\"https:\\\/\\\/www.tanagram.fr\\\/fr\\\/temoignages\\\/#primaryimage\",\"url\":\"https:\\\/\\\/www.tanagram.fr\\\/fr\\\/wp-content\\\/uploads\\\/2025\\\/11\\\/Capture-decran-25.png\",\"contentUrl\":\"https:\\\/\\\/www.tanagram.fr\\\/fr\\\/wp-content\\\/uploads\\\/2025\\\/11\\\/Capture-decran-25.png\",\"width\":806,\"height\":280},{\"@type\":\"BreadcrumbList\",\"@id\":\"https:\\\/\\\/www.tanagram.fr\\\/fr\\\/temoignages\\\/#breadcrumb\",\"itemListElement\":[{\"@type\":\"ListItem\",\"position\":1,\"name\":\"Accueil\",\"item\":\"https:\\\/\\\/www.tanagram.fr\\\/fr\\\/\"},{\"@type\":\"ListItem\",\"position\":2,\"name\":\"Ce que disent mes client.e.s\"}]},{\"@type\":\"WebSite\",\"@id\":\"https:\\\/\\\/www.tanagram.fr\\\/fr\\\/#website\",\"url\":\"https:\\\/\\\/www.tanagram.fr\\\/fr\\\/\",\"name\":\"Tanagram\",\"description\":\"Donnez du sens \u00e0 vos \u00e9motions\",\"potentialAction\":[{\"@type\":\"SearchAction\",\"target\":{\"@type\":\"EntryPoint\",\"urlTemplate\":\"https:\\\/\\\/www.tanagram.fr\\\/fr\\\/?s={search_term_string}\"},\"query-input\":{\"@type\":\"PropertyValueSpecification\",\"valueRequired\":true,\"valueName\":\"search_term_string\"}}],\"inLanguage\":\"fr-FR\"}]}<\/script>\n<!-- \/ Yoast SEO plugin. -->","yoast_head_json":{"title":"Ce que disent mes client.e.s - Tanagram","description":"Tr\u00e8s bonne exp\u00e9rience suite \u00e0 une consultation pour gestion du stress. Excellente hypnoth\u00e9rapeute \u00e0 Nantes, je recommande vivement.","robots":{"index":"index","follow":"follow","max-snippet":"max-snippet:-1","max-image-preview":"max-image-preview:large","max-video-preview":"max-video-preview:-1"},"canonical":"https:\/\/www.tanagram.fr\/fr\/temoignages\/","og_locale":"fr_FR","og_type":"article","og_title":"Ce que disent mes client.e.s - Tanagram","og_description":"Tr\u00e8s bonne exp\u00e9rience suite \u00e0 une consultation pour gestion du stress. Excellente hypnoth\u00e9rapeute \u00e0 Nantes, je recommande vivement.","og_url":"https:\/\/www.tanagram.fr\/fr\/temoignages\/","og_site_name":"Tanagram","article_modified_time":"2025-11-04T16:48:31+00:00","og_image":[{"width":806,"height":280,"url":"https:\/\/www.tanagram.fr\/fr\/wp-content\/uploads\/2025\/11\/Capture-decran-25.png","type":"image\/png"}],"twitter_card":"summary_large_image","twitter_misc":{"Dur\u00e9e de lecture estim\u00e9e":"4 minutes"},"schema":{"@context":"https:\/\/schema.org","@graph":[{"@type":"WebPage","@id":"https:\/\/www.tanagram.fr\/fr\/temoignages\/","url":"https:\/\/www.tanagram.fr\/fr\/temoignages\/","name":"Ce que disent mes client.e.s - Tanagram","isPartOf":{"@id":"https:\/\/www.tanagram.fr\/fr\/#website"},"primaryImageOfPage":{"@id":"https:\/\/www.tanagram.fr\/fr\/temoignages\/#primaryimage"},"image":{"@id":"https:\/\/www.tanagram.fr\/fr\/temoignages\/#primaryimage"},"thumbnailUrl":"https:\/\/www.tanagram.fr\/fr\/wp-content\/uploads\/2025\/11\/Capture-decran-25.png","datePublished":"2021-06-04T14:06:18+00:00","dateModified":"2025-11-04T16:48:31+00:00","description":"Tr\u00e8s bonne exp\u00e9rience suite \u00e0 une consultation pour gestion du stress. Excellente hypnoth\u00e9rapeute \u00e0 Nantes, je recommande vivement.","breadcrumb":{"@id":"https:\/\/www.tanagram.fr\/fr\/temoignages\/#breadcrumb"},"inLanguage":"fr-FR","potentialAction":[{"@type":"ReadAction","target":["https:\/\/www.tanagram.fr\/fr\/temoignages\/"]}]},{"@type":"ImageObject","inLanguage":"fr-FR","@id":"https:\/\/www.tanagram.fr\/fr\/temoignages\/#primaryimage","url":"https:\/\/www.tanagram.fr\/fr\/wp-content\/uploads\/2025\/11\/Capture-decran-25.png","contentUrl":"https:\/\/www.tanagram.fr\/fr\/wp-content\/uploads\/2025\/11\/Capture-decran-25.png","width":806,"height":280},{"@type":"BreadcrumbList","@id":"https:\/\/www.tanagram.fr\/fr\/temoignages\/#breadcrumb","itemListElement":[{"@type":"ListItem","position":1,"name":"Accueil","item":"https:\/\/www.tanagram.fr\/fr\/"},{"@type":"ListItem","position":2,"name":"Ce que disent mes client.e.s"}]},{"@type":"WebSite","@id":"https:\/\/www.tanagram.fr\/fr\/#website","url":"https:\/\/www.tanagram.fr\/fr\/","name":"Tanagram","description":"Donnez du sens \u00e0 vos \u00e9motions","potentialAction":[{"@type":"SearchAction","target":{"@type":"EntryPoint","urlTemplate":"https:\/\/www.tanagram.fr\/fr\/?s={search_term_string}"},"query-input":{"@type":"PropertyValueSpecification","valueRequired":true,"valueName":"search_term_string"}}],"inLanguage":"fr-FR"}]}},"_links":{"self":[{"href":"https:\/\/www.tanagram.fr\/fr\/wp-json\/wp\/v2\/pages\/1339","targetHints":{"allow":["GET"]}}],"collection":[{"href":"https:\/\/www.tanagram.fr\/fr\/wp-json\/wp\/v2\/pages"}],"about":[{"href":"https:\/\/www.tanagram.fr\/fr\/wp-json\/wp\/v2\/types\/page"}],"author":[{"embeddable":true,"href":"https:\/\/www.tanagram.fr\/fr\/wp-json\/wp\/v2\/users\/2"}],"replies":[{"embeddable":true,"href":"https:\/\/www.tanagram.fr\/fr\/wp-json\/wp\/v2\/comments?post=1339"}],"version-history":[{"count":19,"href":"https:\/\/www.tanagram.fr\/fr\/wp-json\/wp\/v2\/pages\/1339\/revisions"}],"predecessor-version":[{"id":1656,"href":"https:\/\/www.tanagram.fr\/fr\/wp-json\/wp\/v2\/pages\/1339\/revisions\/1656"}],"wp:attachment":[{"href":"https:\/\/www.tanagram.fr\/fr\/wp-json\/wp\/v2\/media?parent=1339"}],"curies":[{"name":"wp","href":"https:\/\/api.w.org\/{rel}","templated":true}]}}