{"id":20,"date":"2018-12-14T10:56:20","date_gmt":"2018-12-14T09:56:20","guid":{"rendered":"http:\/\/www.tanagram.fr\/fr\/?page_id=20"},"modified":"2021-06-04T16:30:05","modified_gmt":"2021-06-04T14:30:05","slug":"temoignages-de-clients-en-coaching","status":"publish","type":"page","link":"https:\/\/www.tanagram.fr\/fr\/temoignages-de-clients-en-coaching\/","title":{"rendered":"T\u00e9moignages"},"content":{"rendered":"<h4>Laurence V.\u00a0 50 ans<\/h4>\n<hr \/>\n<p><em><span style=\"color: #ff6600;\">Situation<\/span> : \u00ab\u00a0Mathilde m&rsquo;a accompagn\u00e9e \u00e0 un moment o\u00f9 je vivais une situation professionnelle tr\u00e8s difficile : enferm\u00e9e dans un poste qui n&rsquo;\u00e9tait pas celui pour lequel j&rsquo;avais \u00e9t\u00e9 embauch\u00e9e, je perdais progressivement toute confiance en moi et ne savais plus du tout comment sortir de ce cercle vicieux.<\/em><\/p>\n<p><em><span style=\"color: #ff6600;\">Accompagnement<\/span> : Mathilde m&rsquo;a r\u00e9ellement accouch\u00e9e de la solution. Avec m\u00e9thode, sens de l&rsquo;\u00e9coute et inventivit\u00e9, elle m&rsquo;a aid\u00e9e \u00e0 changer de point de vue, \u00e0 prendre du recul, et m&rsquo;a rendu ma capacit\u00e9 d&rsquo;initiative. Elle a r\u00e9ussi \u00e0 me projeter dans un avenir que je ne croyais pas possible et qui pourtant s&rsquo;est par la suite concr\u00e9tis\u00e9.<\/em><\/p>\n<p><em><span style=\"color: #ff6600;\">R\u00e9sultat<\/span> : Ce coaching a \u00e9t\u00e9 un vrai d\u00e9clic : j&rsquo;ai trouv\u00e9 la force de quitter mon poste et je me suis ensuite pour la premi\u00e8re fois de ma vie autoris\u00e9e \u00e0 consid\u00e9rer mes v\u00e9ritables envies professionnelles. Aujourd&rsquo;hui j&rsquo;ai quitt\u00e9 le salariat pour fonder mon entreprise avec succ\u00e8s, alors que je n&rsquo;aurais jamais cru en \u00eatre capable.\u00a0\u00bb<\/em><\/p>\n<h4 class=\"rich-text block-editor-rich-text__editable\" role=\"textbox\" contenteditable=\"true\" aria-multiline=\"true\" aria-label=\"R\u00e9digez un titre\u2026\">Val\u00e9rie G.\u00a0 46 ans<\/h4>\n<hr \/>\n<p><em><span data-rich-text-format-boundary=\"true\"><span style=\"color: #ff6600;\">Situation<\/span> <\/span>: \u00ab\u00a0D\u00e9j\u00e0 tr\u00e8s avanc\u00e9e dans un changement et une transition professionnelle, je me sentais \u00e9puis\u00e9e et tr\u00e8s seule pour poursuivre ma r\u00e9flexion. J\u2019avais besoin d\u2019\u00eatre soutenue, aid\u00e9e pour prendre du recul et pour aller plus loin dans ma d\u00e9marche.<\/em><\/p>\n<p><em><span style=\"color: #ff6600;\">Accompagnement<\/span> : \u00ab\u00a0Mathilde a su r\u00e9pondre \u00e0 mes attentes avec un accompagnement tr\u00e8s efficace bas\u00e9 sur la visualisation. Cette m\u00e9thode, tr\u00e8s nouvelle pour moi, m\u2019a aid\u00e9e \u00e0 sortir du mental et des sch\u00e9mas classiques ou habituels pour avoir une autre vision ou perspective sur mes projets en cours.\u00a0\u00bb<\/em><\/p>\n<p><em><span data-rich-text-format-boundary=\"true\"><span style=\"color: #ff6600;\">R\u00e9sultat<\/span> <\/span>: \u00ab\u00a0Avec quelques s\u00e9ances tr\u00e8s cibl\u00e9es et adapt\u00e9es, Mathilde a permis, avec son \u00e9coute et son accompagnement bienveillant, une mise en mouvement diff\u00e9rente avec des r\u00e9sultats positifs et concrets tr\u00e8s rapidement. Sa m\u00e9thode et les bienfaits de ses s\u00e9ances m\u2019accompagnent aujourd\u2019hui dans mes projets.\u00a0\u00bb<\/em><\/p>\n<h4>Gr\u00e9goire F. \u00a0 52 ans<\/h4>\n<hr \/>\n<p><span style=\"color: #ff6600;\">S<em>ituation<\/em><\/span><em> :\u00a0 \u00ab\u00a0Apr\u00e8s plusieurs ann\u00e9es d\u2019expatriation et un retour en France un peu compliqu\u00e9, ma relation au travail et \u00e0 l\u2019entreprise devenait de plus en plus confuse et critique. J\u2019avais d\u00e9j\u00e0 entrepris un travail d\u2019accompagnement classique avec un cabinet sp\u00e9cialis\u00e9, mais j\u2019ai fait appel \u00e0 Mathilde afin d\u2019engager un cheminement plus personnel et plus profond, pour avoir une meilleure coh\u00e9rence \u00a0entre mes identit\u00e9s personnelle et professionnelle.<\/em><\/p>\n<p><em><span style=\"color: #ff6600;\">Accompagnement<\/span> : A partir de situations projectives, j\u2019ai pu clarifier mon syst\u00e8me de valeurs et mes ressources. Mathilde propose de nombreuses mises en situation qui permettent d&rsquo;aller du mental vers le ressenti, de d\u00e9passer les barri\u00e8res int\u00e9rieures et culturelles. Sa m\u00e9thode m\u2019a permis ancrer de nouveaux comportements au quotidien.<\/em><\/p>\n<p><em><span style=\"color: #ff6600;\">R\u00e9sultats<\/span> : J\u2019ai clarifi\u00e9 ma colonne vert\u00e9brale int\u00e9rieure, j\u2019ai une meilleure confiance en moi, une plus grande libert\u00e9 et authenticit\u00e9 \u00e9galement. Je sens que je discrimine mieux l\u2019essentiel du superflu. J\u2019ai une meilleure \u00e9cologie personnelle qui a mis en route des cercles vertueux dans plusieurs dimensions de ma vie. J&rsquo;ai aussi int\u00e9gr\u00e9 des m\u00e9thodes qui me permettent de prendre du recul dans mon poste actuel et de m&rsquo;engager dans la cr\u00e9ation d\u2019un projet personnel.<\/em><\/p>\n<p><em>Ce que j&rsquo;ai le plus appr\u00e9ci\u00e9 : c\u2019est l&#8217;empathie de Mathilde, et sa capacit\u00e9 \u00e0 me mettre en confiance pour d\u00e9passer mes barri\u00e8res mentales\u00a0 et mes r\u00e9flexes de protection.\u00a0\u00bb<\/em><\/p>\n<h4>Anne F.\u00a0 38 ans<\/h4>\n<hr \/>\n<p><em><span style=\"color: #ff6600;\">Situation<\/span> <\/em>: \u00ab\u00a0J<em>&lsquo;\u00e9tais \u00e9puis\u00e9e par de graves difficult\u00e9s personnelles et en pleine perte de rep\u00e8res. J&rsquo;avais une forte envie de renouveau professionnel mais sans savoir dans quelle direction aller.\u00a0\u00bb <br \/><\/em><\/p>\n<p><em><span style=\"color: #ff6600;\">Accompagnement<\/span> : \u00ab\u00a0Mathilde a \u00e9tabli un bilan factuel par rapport \u00e0 mon exp\u00e9rience. <\/em><em>En plus d&rsquo;exercices sur le corps, et la visualisation, sa m\u00e9thode est fond\u00e9e sur la complicit\u00e9 et la confiance. Les mots employ\u00e9s sont toujours justes et \u00e0 chaque fois touchent une corde sensible ou \u00e9voquent une image forte. Ces mots sont tr\u00e8s \u00e9vocateurs et remuent l&rsquo;\u00eatre. \u00ab\u00a0<br \/><\/em><\/p>\n<p><em><span style=\"color: #ff6600;\">R\u00e9sultat<\/span> : \u00ab\u00a0Gr\u00e2ce \u00e0 un travail en douceur sur le corps et l&rsquo;esprit en association, ce coaching m&rsquo;a permis de me lib\u00e9rer de certaines croyances qui me freinaient dans mon \u00e9volution. <\/em><em>Mathilde m&rsquo;a redonn\u00e9 confiance en moi et elle m&rsquo;a \u00e9galement apport\u00e9 des solutions concr\u00e8tes. Du pragmatisme et de l&rsquo;\u00e9motion! <\/em><em>Gr\u00e2ce \u00e0 elle, j&rsquo;ai pu \u00e0 nouveau avancer,\u00a0 me reconstruire sur de meilleures bases, et identifier un environnement de travail qui me correspond mieux.\u00a0\u00bb<\/em><\/p>\n<p><em>Ce que j&rsquo;ai le plus appr\u00e9ci\u00e9 <\/em>: \u00ab\u00a0<em>Je me suis sentie imm\u00e9diatement connect\u00e9e et comprise. Sa personnalit\u00e9 riche et attentive ainsi que le cadre apaisant font de ces s\u00e9ances un v\u00e9ritable sas de silence et un temps de travail qui porte ses fruits.\u00a0\u00bb <\/em><\/p>\n<h4>Fr\u00e9d\u00e9ric P.\u00a0 47 ans<\/h4>\n<hr \/>\n<p><em><span style=\"color: #ff6600;\">Situation <\/span>: \u00ab\u00a0Je me posais beaucoup de questions et subissais une crise de confiance professionnelle et personnelle. Je n&rsquo;arrivais plus \u00e0 me projeter dans l&rsquo;avenir.<\/em><em> J&rsquo;avais perdu l\u2019\u00e9coute des autres, de mon environnement et aussi l\u2019\u00e9coute de mes propres envies. <br \/><\/em><\/p>\n<p><em><span style=\"color: #ff6600;\">Accompagnement<\/span> : Avec beaucoup de douceur Mathilde a su m\u2019\u00e9couter, me rassurer tout d\u2019abord pour ensuite me questionner sur ce que je souhaitais au plus profond de moi. Je me suis rendu compte qu\u2019\u00e0 bien des \u00e9gards dans ma vie, je jouais un r\u00f4le. Mathilde m\u2019a aid\u00e9 \u00e0 faire le tri, \u00e0 y voir plus clair, \u00e0 revenir \u00e0 l&rsquo;essentiel et \u00e0 fixer des limites. Une prise de conscience que des petites choses peuvent changer au quotidien, et qu&rsquo;au bout du compte, c&rsquo;est ce qui permet de prendre les bonnes d\u00e9cisions. <\/em><\/p>\n<p><em><span style=\"color: #ff6600;\">R\u00e9sultat<\/span> : Elle m\u2019a apais\u00e9 tout en me stimulant. Elle m\u2019a appris \u00e0 prendre conscience de mes points forts et \u00e0 savoir les valoriser dans mon travail.\u00a0 J&rsquo;ai compris que je n&rsquo;\u00e9tais pas oblig\u00e9 de subir les choses. Mathilde m\u2019a pouss\u00e9 \u00e0 agir de fa\u00e7on calme et d\u00e9termin\u00e9e pour obtenir ce qui comptait pour moi. Je lui en suis tr\u00e8s reconnaissant.\u00a0\u00bb<\/em><\/p>\n\n\n<div class=\"wp-block-buttons is-content-justification-center is-layout-flex wp-block-buttons-is-layout-flex\">\n<div class=\"wp-block-button\"><a class=\"wp-block-button__link has-luminous-vivid-orange-background-color has-background\" href=\"https:\/\/www.tanagram.fr\/fr\/prendre-rdv-coaching\/\">Prendre RDV<\/a><\/div>\n<\/div>\n\n\n\n<p><\/p>\n","protected":false},"excerpt":{"rendered":"<p>Laurence V.\u00a0 50 ans Situation : \u00ab\u00a0Mathilde m&rsquo;a accompagn\u00e9e \u00e0 un moment o\u00f9 je vivais une situation professionnelle tr\u00e8s difficile : enferm\u00e9e dans un poste qui n&rsquo;\u00e9tait pas celui pour lequel j&rsquo;avais \u00e9t\u00e9 embauch\u00e9e, je perdais progressivement toute confiance en moi et ne savais plus du tout comment sortir de ce cercle vicieux. Accompagnement : &hellip; <\/p>\n<p class=\"link-more\"><a href=\"https:\/\/www.tanagram.fr\/fr\/temoignages-de-clients-en-coaching\/\" class=\"more-link\">Continuer la lecture<span class=\"screen-reader-text\"> de &laquo;&nbsp;T\u00e9moignages&nbsp;&raquo;<\/span><\/a><\/p>\n","protected":false},"author":2,"featured_media":0,"parent":0,"menu_order":0,"comment_status":"closed","ping_status":"closed","template":"","meta":{"footnotes":""},"class_list":["post-20","page","type-page","status-publish","hentry"],"yoast_head":"<!-- This site is optimized with the Yoast SEO plugin v27.5 - https:\/\/yoast.com\/product\/yoast-seo-wordpress\/ -->\n<title>T\u00e9moignages - Tanagram<\/title>\n<meta name=\"description\" content=\"Mathilde Habert m&#039;a \u00e9t\u00e9 recommand\u00e9e pour ses grandes qualit\u00e9s humaines. Elle a su m&#039;\u00e9couter, me redonner confiance et m&#039;apporter des solutions concr\u00e8tes\" \/>\n<meta name=\"robots\" content=\"index, follow, max-snippet:-1, max-image-preview:large, max-video-preview:-1\" \/>\n<link rel=\"canonical\" href=\"https:\/\/www.tanagram.fr\/fr\/temoignages-de-clients-en-coaching\/\" \/>\n<meta property=\"og:locale\" content=\"fr_FR\" \/>\n<meta property=\"og:type\" content=\"article\" \/>\n<meta property=\"og:title\" content=\"T\u00e9moignages - Tanagram\" \/>\n<meta property=\"og:description\" content=\"Mathilde Habert m&#039;a \u00e9t\u00e9 recommand\u00e9e pour ses grandes qualit\u00e9s humaines. Elle a su m&#039;\u00e9couter, me redonner confiance et m&#039;apporter des solutions concr\u00e8tes\" \/>\n<meta property=\"og:url\" content=\"https:\/\/www.tanagram.fr\/fr\/temoignages-de-clients-en-coaching\/\" \/>\n<meta property=\"og:site_name\" content=\"Tanagram\" \/>\n<meta property=\"article:modified_time\" content=\"2021-06-04T14:30:05+00:00\" \/>\n<meta name=\"twitter:card\" content=\"summary_large_image\" \/>\n<meta name=\"twitter:label1\" content=\"Dur\u00e9e de lecture estim\u00e9e\" \/>\n\t<meta name=\"twitter:data1\" content=\"5 minutes\" \/>\n<script type=\"application\/ld+json\" class=\"yoast-schema-graph\">{\"@context\":\"https:\\\/\\\/schema.org\",\"@graph\":[{\"@type\":\"WebPage\",\"@id\":\"https:\\\/\\\/www.tanagram.fr\\\/fr\\\/temoignages-de-clients-en-coaching\\\/\",\"url\":\"https:\\\/\\\/www.tanagram.fr\\\/fr\\\/temoignages-de-clients-en-coaching\\\/\",\"name\":\"T\u00e9moignages - Tanagram\",\"isPartOf\":{\"@id\":\"https:\\\/\\\/www.tanagram.fr\\\/fr\\\/#website\"},\"datePublished\":\"2018-12-14T09:56:20+00:00\",\"dateModified\":\"2021-06-04T14:30:05+00:00\",\"description\":\"Mathilde Habert m'a \u00e9t\u00e9 recommand\u00e9e pour ses grandes qualit\u00e9s humaines. Elle a su m'\u00e9couter, me redonner confiance et m'apporter des solutions concr\u00e8tes\",\"breadcrumb\":{\"@id\":\"https:\\\/\\\/www.tanagram.fr\\\/fr\\\/temoignages-de-clients-en-coaching\\\/#breadcrumb\"},\"inLanguage\":\"fr-FR\",\"potentialAction\":[{\"@type\":\"ReadAction\",\"target\":[\"https:\\\/\\\/www.tanagram.fr\\\/fr\\\/temoignages-de-clients-en-coaching\\\/\"]}]},{\"@type\":\"BreadcrumbList\",\"@id\":\"https:\\\/\\\/www.tanagram.fr\\\/fr\\\/temoignages-de-clients-en-coaching\\\/#breadcrumb\",\"itemListElement\":[{\"@type\":\"ListItem\",\"position\":1,\"name\":\"Accueil\",\"item\":\"https:\\\/\\\/www.tanagram.fr\\\/fr\\\/\"},{\"@type\":\"ListItem\",\"position\":2,\"name\":\"T\u00e9moignages\"}]},{\"@type\":\"WebSite\",\"@id\":\"https:\\\/\\\/www.tanagram.fr\\\/fr\\\/#website\",\"url\":\"https:\\\/\\\/www.tanagram.fr\\\/fr\\\/\",\"name\":\"Tanagram\",\"description\":\"Donnez du sens \u00e0 vos \u00e9motions\",\"potentialAction\":[{\"@type\":\"SearchAction\",\"target\":{\"@type\":\"EntryPoint\",\"urlTemplate\":\"https:\\\/\\\/www.tanagram.fr\\\/fr\\\/?s={search_term_string}\"},\"query-input\":{\"@type\":\"PropertyValueSpecification\",\"valueRequired\":true,\"valueName\":\"search_term_string\"}}],\"inLanguage\":\"fr-FR\"}]}<\/script>\n<!-- \/ Yoast SEO plugin. -->","yoast_head_json":{"title":"T\u00e9moignages - Tanagram","description":"Mathilde Habert m'a \u00e9t\u00e9 recommand\u00e9e pour ses grandes qualit\u00e9s humaines. Elle a su m'\u00e9couter, me redonner confiance et m'apporter des solutions concr\u00e8tes","robots":{"index":"index","follow":"follow","max-snippet":"max-snippet:-1","max-image-preview":"max-image-preview:large","max-video-preview":"max-video-preview:-1"},"canonical":"https:\/\/www.tanagram.fr\/fr\/temoignages-de-clients-en-coaching\/","og_locale":"fr_FR","og_type":"article","og_title":"T\u00e9moignages - Tanagram","og_description":"Mathilde Habert m'a \u00e9t\u00e9 recommand\u00e9e pour ses grandes qualit\u00e9s humaines. Elle a su m'\u00e9couter, me redonner confiance et m'apporter des solutions concr\u00e8tes","og_url":"https:\/\/www.tanagram.fr\/fr\/temoignages-de-clients-en-coaching\/","og_site_name":"Tanagram","article_modified_time":"2021-06-04T14:30:05+00:00","twitter_card":"summary_large_image","twitter_misc":{"Dur\u00e9e de lecture estim\u00e9e":"5 minutes"},"schema":{"@context":"https:\/\/schema.org","@graph":[{"@type":"WebPage","@id":"https:\/\/www.tanagram.fr\/fr\/temoignages-de-clients-en-coaching\/","url":"https:\/\/www.tanagram.fr\/fr\/temoignages-de-clients-en-coaching\/","name":"T\u00e9moignages - Tanagram","isPartOf":{"@id":"https:\/\/www.tanagram.fr\/fr\/#website"},"datePublished":"2018-12-14T09:56:20+00:00","dateModified":"2021-06-04T14:30:05+00:00","description":"Mathilde Habert m'a \u00e9t\u00e9 recommand\u00e9e pour ses grandes qualit\u00e9s humaines. Elle a su m'\u00e9couter, me redonner confiance et m'apporter des solutions concr\u00e8tes","breadcrumb":{"@id":"https:\/\/www.tanagram.fr\/fr\/temoignages-de-clients-en-coaching\/#breadcrumb"},"inLanguage":"fr-FR","potentialAction":[{"@type":"ReadAction","target":["https:\/\/www.tanagram.fr\/fr\/temoignages-de-clients-en-coaching\/"]}]},{"@type":"BreadcrumbList","@id":"https:\/\/www.tanagram.fr\/fr\/temoignages-de-clients-en-coaching\/#breadcrumb","itemListElement":[{"@type":"ListItem","position":1,"name":"Accueil","item":"https:\/\/www.tanagram.fr\/fr\/"},{"@type":"ListItem","position":2,"name":"T\u00e9moignages"}]},{"@type":"WebSite","@id":"https:\/\/www.tanagram.fr\/fr\/#website","url":"https:\/\/www.tanagram.fr\/fr\/","name":"Tanagram","description":"Donnez du sens \u00e0 vos \u00e9motions","potentialAction":[{"@type":"SearchAction","target":{"@type":"EntryPoint","urlTemplate":"https:\/\/www.tanagram.fr\/fr\/?s={search_term_string}"},"query-input":{"@type":"PropertyValueSpecification","valueRequired":true,"valueName":"search_term_string"}}],"inLanguage":"fr-FR"}]}},"_links":{"self":[{"href":"https:\/\/www.tanagram.fr\/fr\/wp-json\/wp\/v2\/pages\/20","targetHints":{"allow":["GET"]}}],"collection":[{"href":"https:\/\/www.tanagram.fr\/fr\/wp-json\/wp\/v2\/pages"}],"about":[{"href":"https:\/\/www.tanagram.fr\/fr\/wp-json\/wp\/v2\/types\/page"}],"author":[{"embeddable":true,"href":"https:\/\/www.tanagram.fr\/fr\/wp-json\/wp\/v2\/users\/2"}],"replies":[{"embeddable":true,"href":"https:\/\/www.tanagram.fr\/fr\/wp-json\/wp\/v2\/comments?post=20"}],"version-history":[{"count":31,"href":"https:\/\/www.tanagram.fr\/fr\/wp-json\/wp\/v2\/pages\/20\/revisions"}],"predecessor-version":[{"id":1347,"href":"https:\/\/www.tanagram.fr\/fr\/wp-json\/wp\/v2\/pages\/20\/revisions\/1347"}],"wp:attachment":[{"href":"https:\/\/www.tanagram.fr\/fr\/wp-json\/wp\/v2\/media?parent=20"}],"curies":[{"name":"wp","href":"https:\/\/api.w.org\/{rel}","templated":true}]}}