{"id":59,"date":"2019-02-12T15:16:04","date_gmt":"2019-02-12T14:16:04","guid":{"rendered":"http:\/\/www.tanagram.fr\/fr\/?page_id=59"},"modified":"2026-03-27T17:46:36","modified_gmt":"2026-03-27T16:46:36","slug":"parcours-et-formations-de-mathilde-habert","status":"publish","type":"page","link":"https:\/\/www.tanagram.fr\/fr\/","title":{"rendered":"Qui je suis"},"content":{"rendered":"\n<figure class=\"wp-block-image size-large is-resized\"><img fetchpriority=\"high\" decoding=\"async\" width=\"237\" height=\"239\" src=\"https:\/\/www.tanagram.fr\/fr\/wp-content\/uploads\/2020\/02\/Photo-MH-rond.png\" alt=\"Mathilde Habert coach\" class=\"wp-image-947\" style=\"width:178px;height:179px\" srcset=\"https:\/\/www.tanagram.fr\/fr\/wp-content\/uploads\/2020\/02\/Photo-MH-rond.png 237w, https:\/\/www.tanagram.fr\/fr\/wp-content\/uploads\/2020\/02\/Photo-MH-rond-150x150.png 150w, https:\/\/www.tanagram.fr\/fr\/wp-content\/uploads\/2020\/02\/Photo-MH-rond-100x100.png 100w\" sizes=\"(max-width: 237px) 100vw, 237px\" \/><\/figure>\n\n\n\n<h2 class=\"wp-block-heading has-vivid-purple-color has-text-color has-link-color wp-elements-a350385081ff6c0453ff8fdb43f2b424\">Mathilde Habert, Hypnoth\u00e9rapeute &amp; Coach<\/h2>\n\n\n\n<p>Je mets \u00e0 votre service une qualit\u00e9 d&rsquo;\u00e9coute reconnue, une compr\u00e9hension intuitive profonde, des m\u00e9thodes \u00e9prouv\u00e9es et 10 ans d&rsquo;exp\u00e9rience dans les m\u00e9tiers de l&rsquo;accompagnement.<\/p>\n\n\n\n<p>Passionn\u00e9e par l&rsquo;humain depuis toujours, je suis convaincue que nous avons tous la possibilit\u00e9 de rayonner dans notre singularit\u00e9, et ce quelle que soit notre histoire de vie.<\/p>\n\n\n\n<p>Ce qui m&rsquo;anime, c&rsquo;est de voir mes client.e.s d\u00e9ployer leur plein potentiel et prendre sereinement leur place dans le monde.<\/p>\n\n\n\n<p>Form\u00e9e aux approches les plus pointues des th\u00e9rapies br\u00e8ves et du coaching, je vous accompagne vers une vie personnelle ou professionnelle plus apais\u00e9e et plus \u00e9panouie, en coh\u00e9rence avec vos valeurs et votre identit\u00e9 profonde.<\/p>\n\n\n<h3><span style=\"color: #ff6600;\">Mon parcours<\/span><\/h3>\n<p>J&rsquo;exerce comme coach professionnel depuis 2016 et comme th\u00e9rapeute en lib\u00e9ral depuis 2020.<\/p>\n<p>Avant cela, Normalienne de formation initiale, j&rsquo;ai exerc\u00e9 des postes \u00e0 responsabilit\u00e9 pendant 15 ans dans le secteur priv\u00e9 et public.<\/p>\n<p>J&rsquo;ai commenc\u00e9 ma carri\u00e8re professionnelle dans le conseil en strat\u00e9gie et organisation. Puis j&rsquo;ai\u00a0 travaill\u00e9 comme conseil en communication puis conseill\u00e8re discours de grands patrons du CAC 40 et personnalit\u00e9s politiques de premier plan.\u00a0<\/p>\n<p>Progressivement, la dimension humaine et psychologique de mon m\u00e9tier est devenue mon principal moteur.<\/p>\n<h3><span style=\"color: #ff6600;\">Le fil rouge qui me guide<\/span><\/h3>\n<p>&#8211; une empathie profonde pour l&rsquo;autre, et le d\u00e9sir de l&rsquo;accompagner vers plus de clart\u00e9 sur son chemin de vie<\/p>\n<p>&#8211; la capacit\u00e9 \u00e0 remettre en perspective les probl\u00e8mes pour rendre possible l&rsquo;\u00e9mergence de solutions<\/p>\n<p>&#8211; l&rsquo;art de trouver les mots justes pour \u00e9clairer la complexit\u00e9 du monde et des relations humaines<\/p>\n<\/p>\n<h2>Formations<\/h2>\n<hr \/>\n<h3 id=\"block-9a03ad9f-4840-4607-bd4f-0ca7f80338c0\" class=\"block-editor-block-list__block wp-block is-selected rich-text block-editor-rich-text__editable has-luminous-vivid-orange-color has-text-color wp-block\" tabindex=\"0\" role=\"textbox\" contenteditable=\"true\" aria-label=\"R\u00e9digez un titre\u2026\" aria-multiline=\"true\" data-block=\"9a03ad9f-4840-4607-bd4f-0ca7f80338c0\" data-type=\"core\/heading\" data-title=\"Titre\">Formations en th\u00e9rapie<\/h3>\n<p>&#8211; Hypnose \u00e9ricksonienne avec Stephen GILLIGAN, IAGC, Londres<\/p>\n<p>&#8211; Psychocorporel &amp; Psychopathologie chez SAVOIR PSY, Paris<\/p>\n<p>&#8211; Recouvrement d&rsquo;\u00e2me et Limpia, avec Claire MARIE, auteur de \u00ab\u00a0Psychologue et chamane\u00a0\u00bb, \u00e9d. Fayard<\/p>\n<p>&#8211; Enn\u00e9agramme, avec Marielle BRADEL, auteur de \u00ab\u00a0L&rsquo;Enn\u00e9agramme, un chemin de vie\u00a0\u00bb, \u00e9d. Descl\u00e9e de Brouwer<\/p>\n\n\n<h3 class=\"wp-block-heading has-luminous-vivid-orange-color has-text-color\">Certifications en coaching<\/h3>\n\n\n\n<p>&#8211; Praticienne PNL et AT, avec Robbie STEINHOUSE, NLP School, Londres<\/p>\n\n\n\n<p>&#8211; Generative coaching, avec Robert DILTS, IAGC, Londres<\/p>\n\n\n\n<p>&#8211; Coach professionnel avec Jean-Lou et Muriel GRIMM-HECKER, Evolusens, Paris<\/p>\n\n\n\n<p>&#8211; Communication Non-Violente, CNV France, Paris<\/p>\n\n\n\n<h3 class=\"wp-block-heading has-luminous-vivid-orange-color has-text-color\">Formations acad\u00e9miques<\/h3>\n\n\n<p>&#8211; Ancienne \u00e9l\u00e8ve de l&rsquo;\u00c9cole Normale Sup\u00e9rieure de Fontenay-St Cloud<\/p>\n<p>&#8211; Titulaire d&rsquo;un Master 2 (DEA) de Lettres modernes \u00e0 Paris IV-Sorbonne<\/p>\n<p>&#8211; Dipl\u00f4m\u00e9e du Master Marketing &amp; Communication de l&rsquo;ESCP Europe<\/p>\n\n\n<div class=\"wp-block-buttons is-horizontal is-content-justification-center is-layout-flex wp-container-core-buttons-is-layout-499968f5 wp-block-buttons-is-layout-flex\">\n<div class=\"wp-block-button\"><a class=\"wp-block-button__link has-vivid-purple-background-color has-background wp-element-button\" href=\"https:\/\/www.tanagram.fr\/fr\/prise-de-rdv-therapie\/\">HYPNOTHERAPIE &#8211; Rdv<\/a><\/div>\n\n\n\n<div class=\"wp-block-button\"><a class=\"wp-block-button__link has-white-color has-light-green-cyan-background-color has-text-color has-background wp-element-button\" href=\"https:\/\/www.tanagram.fr\/fr\/prendre-rdv-coaching\/\">COACHING &#8211; Rdv<\/a><\/div>\n<\/div>\n\n\n\n<h3 class=\"wp-block-heading\"><\/h3>\n\n\n\n<p><\/p>\n","protected":false},"excerpt":{"rendered":"<p>Mathilde Habert, Hypnoth\u00e9rapeute &amp; Coach Je mets \u00e0 votre service une qualit\u00e9 d&rsquo;\u00e9coute reconnue, une compr\u00e9hension intuitive profonde, des m\u00e9thodes \u00e9prouv\u00e9es et 10 ans d&rsquo;exp\u00e9rience dans les m\u00e9tiers de l&rsquo;accompagnement. Passionn\u00e9e par l&rsquo;humain depuis toujours, je suis convaincue que nous avons tous la possibilit\u00e9 de rayonner dans notre singularit\u00e9, et ce quelle que soit notre &hellip; <\/p>\n<p class=\"link-more\"><a href=\"https:\/\/www.tanagram.fr\/fr\/\" class=\"more-link\">Continuer la lecture<span class=\"screen-reader-text\"> de &laquo;&nbsp;Qui je suis&nbsp;&raquo;<\/span><\/a><\/p>\n","protected":false},"author":2,"featured_media":0,"parent":0,"menu_order":0,"comment_status":"closed","ping_status":"closed","template":"","meta":{"footnotes":""},"class_list":["post-59","page","type-page","status-publish","hentry"],"yoast_head":"<!-- This site is optimized with the Yoast SEO plugin v27.4 - https:\/\/yoast.com\/product\/yoast-seo-wordpress\/ -->\n<title>Qui je suis - Tanagram<\/title>\n<meta name=\"description\" content=\"Th\u00e9rapeute et coach engag\u00e9e, Mathilde Habert vous accompagne avec efficacit\u00e9 et bienveillance sur votre chemin de vie et de transformation\" \/>\n<meta name=\"robots\" content=\"index, follow, max-snippet:-1, max-image-preview:large, max-video-preview:-1\" \/>\n<link rel=\"canonical\" href=\"https:\/\/www.tanagram.fr\/fr\/\" \/>\n<meta property=\"og:locale\" content=\"fr_FR\" \/>\n<meta property=\"og:type\" content=\"article\" \/>\n<meta property=\"og:title\" content=\"Qui je suis - Tanagram\" \/>\n<meta property=\"og:description\" content=\"Th\u00e9rapeute et coach engag\u00e9e, Mathilde Habert vous accompagne avec efficacit\u00e9 et bienveillance sur votre chemin de vie et de transformation\" \/>\n<meta property=\"og:url\" content=\"https:\/\/www.tanagram.fr\/fr\/\" \/>\n<meta property=\"og:site_name\" content=\"Tanagram\" \/>\n<meta property=\"article:modified_time\" content=\"2026-03-27T16:46:36+00:00\" \/>\n<meta property=\"og:image\" content=\"https:\/\/www.tanagram.fr\/fr\/wp-content\/uploads\/2020\/02\/Photo-MH-rond.png\" \/>\n\t<meta property=\"og:image:width\" content=\"237\" \/>\n\t<meta property=\"og:image:height\" content=\"239\" \/>\n\t<meta property=\"og:image:type\" content=\"image\/png\" \/>\n<meta name=\"twitter:card\" content=\"summary_large_image\" \/>\n<meta name=\"twitter:label1\" content=\"Dur\u00e9e de lecture estim\u00e9e\" \/>\n\t<meta name=\"twitter:data1\" content=\"3 minutes\" \/>\n<script type=\"application\/ld+json\" class=\"yoast-schema-graph\">{\"@context\":\"https:\\\/\\\/schema.org\",\"@graph\":[{\"@type\":\"WebPage\",\"@id\":\"https:\\\/\\\/www.tanagram.fr\\\/fr\\\/\",\"url\":\"https:\\\/\\\/www.tanagram.fr\\\/fr\\\/\",\"name\":\"Qui je suis - Tanagram\",\"isPartOf\":{\"@id\":\"https:\\\/\\\/www.tanagram.fr\\\/fr\\\/#website\"},\"primaryImageOfPage\":{\"@id\":\"https:\\\/\\\/www.tanagram.fr\\\/fr\\\/#primaryimage\"},\"image\":{\"@id\":\"https:\\\/\\\/www.tanagram.fr\\\/fr\\\/#primaryimage\"},\"thumbnailUrl\":\"https:\\\/\\\/www.tanagram.fr\\\/fr\\\/wp-content\\\/uploads\\\/2020\\\/02\\\/Photo-MH-rond.png\",\"datePublished\":\"2019-02-12T14:16:04+00:00\",\"dateModified\":\"2026-03-27T16:46:36+00:00\",\"description\":\"Th\u00e9rapeute et coach engag\u00e9e, Mathilde Habert vous accompagne avec efficacit\u00e9 et bienveillance sur votre chemin de vie et de transformation\",\"breadcrumb\":{\"@id\":\"https:\\\/\\\/www.tanagram.fr\\\/fr\\\/#breadcrumb\"},\"inLanguage\":\"fr-FR\",\"potentialAction\":[{\"@type\":\"ReadAction\",\"target\":[\"https:\\\/\\\/www.tanagram.fr\\\/fr\\\/\"]}]},{\"@type\":\"ImageObject\",\"inLanguage\":\"fr-FR\",\"@id\":\"https:\\\/\\\/www.tanagram.fr\\\/fr\\\/#primaryimage\",\"url\":\"https:\\\/\\\/www.tanagram.fr\\\/fr\\\/wp-content\\\/uploads\\\/2020\\\/02\\\/Photo-MH-rond.png\",\"contentUrl\":\"https:\\\/\\\/www.tanagram.fr\\\/fr\\\/wp-content\\\/uploads\\\/2020\\\/02\\\/Photo-MH-rond.png\",\"width\":237,\"height\":239},{\"@type\":\"BreadcrumbList\",\"@id\":\"https:\\\/\\\/www.tanagram.fr\\\/fr\\\/#breadcrumb\",\"itemListElement\":[{\"@type\":\"ListItem\",\"position\":1,\"name\":\"Accueil\",\"item\":\"https:\\\/\\\/www.tanagram.fr\\\/fr\\\/\"},{\"@type\":\"ListItem\",\"position\":2,\"name\":\"Qui je suis\"}]},{\"@type\":\"WebSite\",\"@id\":\"https:\\\/\\\/www.tanagram.fr\\\/fr\\\/#website\",\"url\":\"https:\\\/\\\/www.tanagram.fr\\\/fr\\\/\",\"name\":\"Tanagram\",\"description\":\"Donnez du sens \u00e0 vos \u00e9motions\",\"potentialAction\":[{\"@type\":\"SearchAction\",\"target\":{\"@type\":\"EntryPoint\",\"urlTemplate\":\"https:\\\/\\\/www.tanagram.fr\\\/fr\\\/?s={search_term_string}\"},\"query-input\":{\"@type\":\"PropertyValueSpecification\",\"valueRequired\":true,\"valueName\":\"search_term_string\"}}],\"inLanguage\":\"fr-FR\"}]}<\/script>\n<!-- \/ Yoast SEO plugin. -->","yoast_head_json":{"title":"Qui je suis - Tanagram","description":"Th\u00e9rapeute et coach engag\u00e9e, Mathilde Habert vous accompagne avec efficacit\u00e9 et bienveillance sur votre chemin de vie et de transformation","robots":{"index":"index","follow":"follow","max-snippet":"max-snippet:-1","max-image-preview":"max-image-preview:large","max-video-preview":"max-video-preview:-1"},"canonical":"https:\/\/www.tanagram.fr\/fr\/","og_locale":"fr_FR","og_type":"article","og_title":"Qui je suis - Tanagram","og_description":"Th\u00e9rapeute et coach engag\u00e9e, Mathilde Habert vous accompagne avec efficacit\u00e9 et bienveillance sur votre chemin de vie et de transformation","og_url":"https:\/\/www.tanagram.fr\/fr\/","og_site_name":"Tanagram","article_modified_time":"2026-03-27T16:46:36+00:00","og_image":[{"width":237,"height":239,"url":"https:\/\/www.tanagram.fr\/fr\/wp-content\/uploads\/2020\/02\/Photo-MH-rond.png","type":"image\/png"}],"twitter_card":"summary_large_image","twitter_misc":{"Dur\u00e9e de lecture estim\u00e9e":"3 minutes"},"schema":{"@context":"https:\/\/schema.org","@graph":[{"@type":"WebPage","@id":"https:\/\/www.tanagram.fr\/fr\/","url":"https:\/\/www.tanagram.fr\/fr\/","name":"Qui je suis - Tanagram","isPartOf":{"@id":"https:\/\/www.tanagram.fr\/fr\/#website"},"primaryImageOfPage":{"@id":"https:\/\/www.tanagram.fr\/fr\/#primaryimage"},"image":{"@id":"https:\/\/www.tanagram.fr\/fr\/#primaryimage"},"thumbnailUrl":"https:\/\/www.tanagram.fr\/fr\/wp-content\/uploads\/2020\/02\/Photo-MH-rond.png","datePublished":"2019-02-12T14:16:04+00:00","dateModified":"2026-03-27T16:46:36+00:00","description":"Th\u00e9rapeute et coach engag\u00e9e, Mathilde Habert vous accompagne avec efficacit\u00e9 et bienveillance sur votre chemin de vie et de transformation","breadcrumb":{"@id":"https:\/\/www.tanagram.fr\/fr\/#breadcrumb"},"inLanguage":"fr-FR","potentialAction":[{"@type":"ReadAction","target":["https:\/\/www.tanagram.fr\/fr\/"]}]},{"@type":"ImageObject","inLanguage":"fr-FR","@id":"https:\/\/www.tanagram.fr\/fr\/#primaryimage","url":"https:\/\/www.tanagram.fr\/fr\/wp-content\/uploads\/2020\/02\/Photo-MH-rond.png","contentUrl":"https:\/\/www.tanagram.fr\/fr\/wp-content\/uploads\/2020\/02\/Photo-MH-rond.png","width":237,"height":239},{"@type":"BreadcrumbList","@id":"https:\/\/www.tanagram.fr\/fr\/#breadcrumb","itemListElement":[{"@type":"ListItem","position":1,"name":"Accueil","item":"https:\/\/www.tanagram.fr\/fr\/"},{"@type":"ListItem","position":2,"name":"Qui je suis"}]},{"@type":"WebSite","@id":"https:\/\/www.tanagram.fr\/fr\/#website","url":"https:\/\/www.tanagram.fr\/fr\/","name":"Tanagram","description":"Donnez du sens \u00e0 vos \u00e9motions","potentialAction":[{"@type":"SearchAction","target":{"@type":"EntryPoint","urlTemplate":"https:\/\/www.tanagram.fr\/fr\/?s={search_term_string}"},"query-input":{"@type":"PropertyValueSpecification","valueRequired":true,"valueName":"search_term_string"}}],"inLanguage":"fr-FR"}]}},"_links":{"self":[{"href":"https:\/\/www.tanagram.fr\/fr\/wp-json\/wp\/v2\/pages\/59","targetHints":{"allow":["GET"]}}],"collection":[{"href":"https:\/\/www.tanagram.fr\/fr\/wp-json\/wp\/v2\/pages"}],"about":[{"href":"https:\/\/www.tanagram.fr\/fr\/wp-json\/wp\/v2\/types\/page"}],"author":[{"embeddable":true,"href":"https:\/\/www.tanagram.fr\/fr\/wp-json\/wp\/v2\/users\/2"}],"replies":[{"embeddable":true,"href":"https:\/\/www.tanagram.fr\/fr\/wp-json\/wp\/v2\/comments?post=59"}],"version-history":[{"count":113,"href":"https:\/\/www.tanagram.fr\/fr\/wp-json\/wp\/v2\/pages\/59\/revisions"}],"predecessor-version":[{"id":1706,"href":"https:\/\/www.tanagram.fr\/fr\/wp-json\/wp\/v2\/pages\/59\/revisions\/1706"}],"wp:attachment":[{"href":"https:\/\/www.tanagram.fr\/fr\/wp-json\/wp\/v2\/media?parent=59"}],"curies":[{"name":"wp","href":"https:\/\/api.w.org\/{rel}","templated":true}]}}