{"id":813,"date":"2020-01-14T16:54:21","date_gmt":"2020-01-14T15:54:21","guid":{"rendered":"http:\/\/www.tanagram.fr\/fr\/?page_id=813"},"modified":"2026-03-27T17:27:24","modified_gmt":"2026-03-27T16:27:24","slug":"hypnotherapie","status":"publish","type":"page","link":"https:\/\/www.tanagram.fr\/fr\/hypnotherapie\/","title":{"rendered":"Pourquoi consulter?"},"content":{"rendered":"\n<p>Vous vous sentez envahi.e par vos \u00e9motions? Vous ressentez du mal-\u00eatre ou de la souffrance, vous ruminez des id\u00e9es n\u00e9gatives? <\/p>\n\n\n\n<p>Vous avez l&rsquo;impression  de ne pas \u00eatre comme il faudrait, d&rsquo;\u00eatre emp\u00each\u00e9.e dans votre vie?<\/p>\n\n\n\n<p>Vous avez essay\u00e9 de r\u00e9soudre ces difficult\u00e9s par vous-m\u00eame mais vous n&rsquo;y \u00eates pas arriv\u00e9.e et vous \u00eates d\u00e9courag\u00e9.e?<\/p>\n\n\n\n<p>Il est temps de vous faire accompagner! <\/p>\n\n\n\n<p>Selon vos probl\u00e8mes, diff\u00e9rents sp\u00e9cialistes peuvent vous aider \u00e0 aller mieux. Prenez le temps de chercher une personne qui vous convient, qui ne vous juge pas et vous \u00e9coute vraiment. <\/p>\n\n\n\n<p>Le bon th\u00e9rapeute, c&rsquo;est avant tout celui ou celle avec qui vous vous sentirez accueilli.e et en confiance.<\/p>\n\n\n\n<div class=\"wp-block-buttons is-horizontal is-content-justification-center is-layout-flex wp-container-core-buttons-is-layout-499968f5 wp-block-buttons-is-layout-flex\">\n<div class=\"wp-block-button\"><a class=\"wp-block-button__link has-luminous-vivid-orange-background-color has-background wp-element-button\" href=\"https:\/\/www.tanagram.fr\/fr\/prise-de-rdv-therapie\/\">Tarifs &amp; Prise de Rdv<\/a><\/div>\n<\/div>\n\n\n\n<p><\/p>\n\n\n<div class=\"wp-block-image\">\n<figure class=\"aligncenter size-large is-resized\"><img fetchpriority=\"high\" decoding=\"async\" width=\"768\" height=\"1024\" src=\"https:\/\/www.tanagram.fr\/fr\/wp-content\/uploads\/2021\/06\/P1010205-768x1024.jpg\" alt=\"\" class=\"wp-image-1354\" style=\"width:384px;height:512px\" srcset=\"https:\/\/www.tanagram.fr\/fr\/wp-content\/uploads\/2021\/06\/P1010205-768x1024.jpg 768w, https:\/\/www.tanagram.fr\/fr\/wp-content\/uploads\/2021\/06\/P1010205-225x300.jpg 225w, https:\/\/www.tanagram.fr\/fr\/wp-content\/uploads\/2021\/06\/P1010205-1152x1536.jpg 1152w, https:\/\/www.tanagram.fr\/fr\/wp-content\/uploads\/2021\/06\/P1010205.jpg 1536w\" sizes=\"(max-width: 767px) 89vw, (max-width: 1000px) 54vw, (max-width: 1071px) 543px, 580px\" \/><figcaption class=\"wp-element-caption\">Site d&rsquo;Angkor, Cambodge &#8211; \u00a9MathildeHabert<\/figcaption><\/figure>\n<\/div>\n\n\n<h2 class=\"wp-block-heading has-luminous-vivid-orange-color has-text-color\">Mes expertises<\/h2>\n\n\n<p>Stress et Anxi\u00e9t\u00e9 &#8211; Crises de panique &#8211; Personnes hypersensibles et \u00e9motives &#8211;<\/p>\n<p>Manque de confiance en soi &#8211; Syndrome de l&rsquo;imposteur &#8211;<\/p>\n<p>Relations familiales, amicales ou amoureuses difficiles &#8211;<\/p>\n<p>Surmenage &#8211; Burn out &#8211; Crise de milieu de vie &#8211; Perte de sens &#8211;<\/p>\n\n\n<h2 class=\"wp-block-heading has-luminous-vivid-orange-color has-text-color\">Ma m\u00e9thode : l&rsquo;Hypnose \u00e9ricksonienne<\/h2>\n\n\n\n<p>Cr\u00e9\u00e9e par le psychiatre et psychologue Milton Erickson,  cette m\u00e9thode permet un travail psycho-corporel tr\u00e8s puissant, qui court-circuite les prisons mentales que l&rsquo;on se construit par r\u00e9flexe d\u00e9fensif. <\/p>\n\n\n\n<p>Une pr\u00e9cision importante : avec ce type d&rsquo;hypnose, vous restez parfaitement conscient.e pendant tout le processus et ma\u00eetre de toutes vos d\u00e9cisions. C&rsquo;est une hypnose th\u00e9rapeutique qui n&rsquo;a rien \u00e0 voir avec l&rsquo;hypnose de \u00ab\u00a0salle de spectacle\u00a0\u00bb !<\/p>\n\n\n\n<p>Cette approche se rapproche des Th\u00e9rapies appel\u00e9es \u00ab\u00a0Comportementales et Cognitives\u00a0\u00bb (TTC) qui permettent de d\u00e9sactiver des comportements devenus inad\u00e9quats pour nous mais que l&rsquo;on ne peut s&#8217;emp\u00eacher de r\u00e9p\u00e9ter. L&rsquo;apport suppl\u00e9mentaire de l&rsquo;hypnose est de permettre une approche plus unifi\u00e9e de la personne, en incluant pleinement les \u00e9motions et ressentis physiques dans le processus th\u00e9rapeutique.<\/p>\n\n\n\n<div class=\"wp-block-buttons is-horizontal is-content-justification-center is-layout-flex wp-container-core-buttons-is-layout-499968f5 wp-block-buttons-is-layout-flex\">\n<div class=\"wp-block-button\"><a class=\"wp-block-button__link has-luminous-vivid-orange-background-color has-background wp-element-button\" href=\"https:\/\/www.tanagram.fr\/fr\/prise-de-rdv-therapie\/\">Tarifs &amp; Prise de Rdv<\/a><\/div>\n<\/div>\n\n\n\n<h2 class=\"wp-block-heading has-luminous-vivid-orange-color has-text-color\">Caract\u00e9ristique n\u00b01 : on travaille avec ce que le corps exprime<\/h2>\n\n\n\n<p>Notre r\u00e9flexe premier est de croire \u00e0 la toute puissance de notre mental. Mais tout seul, le cerveau est incapable de changer les comportements pulsionnels qui nous entravent dans notre vie. <\/p>\n\n\n\n<p>Le pi\u00e8ge : nous acharner dans une logique volontariste qui nous m\u00e8ne \u00e0 l&rsquo;\u00e9chec et entretient une spirale de jugement n\u00e9gatif de soi.<\/p>\n\n\n\n<p> La cl\u00e9 : nous tourner vers notre corps et d&rsquo;\u00e9couter ce qu&rsquo;il a \u00e0 nous dire. Notre premier mat\u00e9riau de travail, ce sont vos \u00e9motions, sensations, et perceptions, y compris celles qui sont d\u00e9sagr\u00e9ables.<\/p>\n\n\n\n<p>C&rsquo;est avec elles, gr\u00e2ce \u00e0 elles, en les apprivoisant et en les d\u00e9samor\u00e7ant que vous allez progressivement acqu\u00e9rir les moyens de vous sentir mieux, par vous-m\u00eames.<\/p>\n\n\n\n<h2 class=\"wp-block-heading has-luminous-vivid-orange-color has-text-color\">Caract\u00e9ristique n\u00b02 : le sympt\u00f4me n&rsquo;est pas le v\u00e9ritable probl\u00e8me<\/h2>\n\n\n\n<p>Vous \u00eates sujet \u00e0 des crises de panique, vous faites des pouss\u00e9es d&rsquo;ecz\u00e9ma, votre dos est bloqu\u00e9, vous avez des crises de boulimie, tout cela sans comprendre pourquoi ? Toutes ces manifestations sont le signe que quelque chose est bloqu\u00e9 au niveau de votre inconscient.<\/p>\n\n\n\n<p>Plus quelque chose nous fait peur, plus nous cr\u00e9ons un syst\u00e8me de d\u00e9fense pour ne pas y \u00eatre confront\u00e9. Au niveau conscient, nous avons alors l&rsquo;impression que tout va bien, alors que souterrainement, l&rsquo;inqui\u00e9tude grandit. <\/p>\n\n\n\n<p>Notre corps cr\u00e9e alors une \u00ab\u00a0soupape\u00a0\u00bb pour \u00e9vacuer les \u00e9motions inconfortables refoul\u00e9es, ce qui d\u00e9clenche tous ces sympt\u00f4mes ou comportements ind\u00e9sirables, qui sont autant de messagers qui nous invitent \u00e0 aller explorer ce qui est source de d\u00e9s\u00e9quilibre dans notre vie actuelle.<\/p>\n\n\n\n<h2 class=\"wp-block-heading has-luminous-vivid-orange-color has-text-color\">Caract\u00e9ristique n\u00b03 : on va d\u00e9sactiver les douleurs du pass\u00e9 pour lib\u00e9rer le pr\u00e9sent<\/h2>\n\n\n\n<p>Toute exp\u00e9rience v\u00e9cue comme douloureuse cr\u00e9e une charge \u00e9motionnelle de souffrance qui reste stock\u00e9e dans votre corps. <\/p>\n\n\n\n<p>C&rsquo;est cette blessure rest\u00e9e \u00e0 vif qui vient perturber votre vie pr\u00e9sente et qu&rsquo;il convient d&rsquo;aller identifier pour pouvoir lui apporter la cicatrisation ad\u00e9quate.<\/p>\n\n\n\n<p>On ne peut en aucun cas effacer un trauma, mais on peut en diminuer l&rsquo;intensit\u00e9 et installer une relation d&rsquo;apaisement avec votre histoire de vie.<\/p>\n\n\n\n<div class=\"wp-block-buttons is-horizontal is-content-justification-center is-layout-flex wp-container-core-buttons-is-layout-499968f5 wp-block-buttons-is-layout-flex\">\n<div class=\"wp-block-button\"><a class=\"wp-block-button__link has-luminous-vivid-orange-background-color has-background wp-element-button\" href=\"https:\/\/www.tanagram.fr\/fr\/prise-de-rdv-therapie\/\">Tarifs &amp; Prise de Rdv<\/a><\/div>\n<\/div>\n\n\n\n<p><\/p>\n\n\n<div class=\"wp-block-image\">\n<figure class=\"aligncenter size-large is-resized\"><img decoding=\"async\" width=\"768\" height=\"1024\" src=\"https:\/\/www.tanagram.fr\/fr\/wp-content\/uploads\/2022\/11\/P1000932-768x1024.jpg\" alt=\"\" class=\"wp-image-1486\" style=\"width:384px;height:512px\" srcset=\"https:\/\/www.tanagram.fr\/fr\/wp-content\/uploads\/2022\/11\/P1000932-768x1024.jpg 768w, https:\/\/www.tanagram.fr\/fr\/wp-content\/uploads\/2022\/11\/P1000932-225x300.jpg 225w, https:\/\/www.tanagram.fr\/fr\/wp-content\/uploads\/2022\/11\/P1000932-1152x1536.jpg 1152w, https:\/\/www.tanagram.fr\/fr\/wp-content\/uploads\/2022\/11\/P1000932.jpg 1536w\" sizes=\"(max-width: 767px) 89vw, (max-width: 1000px) 54vw, (max-width: 1071px) 543px, 580px\" \/><figcaption class=\"wp-element-caption\">Site d&rsquo;Angkor, Cambodge &#8211; \u00a9MathildeHabert<\/figcaption><\/figure>\n<\/div>\n\n\n<h2 class=\"wp-block-heading\">Pourquoi \u00e7a marche?<\/h2>\n\n\n\n<h3 class=\"wp-block-heading has-luminous-vivid-orange-color has-text-color\">Se faire aider par un professionnel est un puissant levier de transformation<\/h3>\n\n\n\n<p>Chaque jour, en accompagnant mes client.e.s, je fais l&rsquo;exp\u00e9rience que<\/p>\n\n\n\n<p>\u2013 Toute personne a la capacit\u00e9 de surmonter les obstacles pr\u00e9sents sur son chemin, r\u00e9soudre ses difficult\u00e9s et cicatriser ses blessures.<\/p>\n\n\n\n<p>\u2013 \u00catre accompagn\u00e9 et soutenu dans son chemin de vie permet d&rsquo;aller \u00e0 la rencontre de nous-m\u00eame et de prendre la mesure de notre richesse int\u00e9rieure.<\/p>\n\n\n\n<p>Je vous montre le chemin, mais le but est de vous autonomiser dans votre prise en charge.<\/p>\n\n\n\n<h3 class=\"wp-block-heading has-luminous-vivid-orange-color has-text-color\">Nous formons un tout<\/h3>\n\n\n\n<p>Notre mental ne peut pas \u00eatre le seul ma\u00eetre \u00e0 bord, sous peine de faire chavirer notre barque !<\/p>\n\n\n\n<p>C\u2019est en \u00e9tant rassembl\u00e9s, corps et esprit, que nous pouvons d\u00e9velopper tout notre potentiel et d\u00e9ployer toutes nos capacit\u00e9s.<\/p>\n\n\n\n<p>C\u2019est pourquoi je pratique un accompagnement global, qui prend en compte votre dimension rationnelle, mais aussi \u00e9motionnelle et sensorielle.<\/p>\n\n\n\n<h3 class=\"wp-block-heading has-luminous-vivid-orange-color has-text-color\">\u00catre accompagn\u00e9.e permet de gagner en confiance et \u00e9largit nos possibilit\u00e9s d\u2019action<\/h3>\n\n\n\n<p>Quelles que soient les difficult\u00e9s de la vie, nous pouvons apprendre \u00e0<\/p>\n\n\n\n<p>\u2013 Transformer nos freins et nos peurs en ressources positives<\/p>\n\n\n\n<p>\u2013 D\u00e9velopper nos capacit\u00e9s de cr\u00e9ativit\u00e9 et d\u2019adaptation face aux obstacles que nous rencontrons<\/p>\n\n\n\n<p>\u2013 R\u00e9ussir \u00e0 agir et avancer \u00e0 notre rythme et dans la bonne direction<\/p>\n\n\n\n<div class=\"wp-block-buttons is-horizontal is-content-justification-center is-layout-flex wp-container-core-buttons-is-layout-499968f5 wp-block-buttons-is-layout-flex\">\n<div class=\"wp-block-button\"><a class=\"wp-block-button__link has-luminous-vivid-orange-background-color has-background wp-element-button\" href=\"https:\/\/www.tanagram.fr\/fr\/prise-de-rdv-therapie\/\">Tarifs &amp; Prise de Rdv<\/a><\/div>\n<\/div>\n\n\n\n<div class=\"wp-block-buttons is-horizontal is-content-justification-center is-layout-flex wp-container-core-buttons-is-layout-499968f5 wp-block-buttons-is-layout-flex\">\n<div class=\"wp-block-button\"><a class=\"wp-block-button__link has-luminous-vivid-orange-background-color has-background wp-element-button\" href=\"https:\/\/www.tanagram.fr\/fr\/une-seance-concretement\/\">Une s\u00e9ance concr\u00e8tement<\/a><\/div>\n<\/div>\n\n\n\n<p><\/p>\n","protected":false},"excerpt":{"rendered":"<p>Vous vous sentez envahi.e par vos \u00e9motions? Vous ressentez du mal-\u00eatre ou de la souffrance, vous ruminez des id\u00e9es n\u00e9gatives? Vous avez l&rsquo;impression de ne pas \u00eatre comme il faudrait, d&rsquo;\u00eatre emp\u00each\u00e9.e dans votre vie? Vous avez essay\u00e9 de r\u00e9soudre ces difficult\u00e9s par vous-m\u00eame mais vous n&rsquo;y \u00eates pas arriv\u00e9.e et vous \u00eates d\u00e9courag\u00e9.e? Il &hellip; <\/p>\n<p class=\"link-more\"><a href=\"https:\/\/www.tanagram.fr\/fr\/hypnotherapie\/\" class=\"more-link\">Continuer la lecture<span class=\"screen-reader-text\"> de &laquo;&nbsp;Pourquoi consulter?&nbsp;&raquo;<\/span><\/a><\/p>\n","protected":false},"author":2,"featured_media":0,"parent":0,"menu_order":0,"comment_status":"closed","ping_status":"closed","template":"","meta":{"footnotes":""},"class_list":["post-813","page","type-page","status-publish","hentry"],"yoast_head":"<!-- This site is optimized with the Yoast SEO plugin v27.6 - https:\/\/yoast.com\/product\/yoast-seo-wordpress\/ -->\n<title>Pourquoi consulter? - Tanagram<\/title>\n<meta name=\"description\" content=\"Mes expertises : Stress et Anxi\u00e9t\u00e9 - Hypersensibilit\u00e9 - Gestion des \u00e9motions - Confiance en soi - Burn out - Crise de milieu de vie - Perte de sens - Troubles relationnel\" \/>\n<meta name=\"robots\" content=\"index, follow, max-snippet:-1, max-image-preview:large, max-video-preview:-1\" \/>\n<link rel=\"canonical\" href=\"https:\/\/www.tanagram.fr\/fr\/hypnotherapie\/\" \/>\n<meta property=\"og:locale\" content=\"fr_FR\" \/>\n<meta property=\"og:type\" content=\"article\" \/>\n<meta property=\"og:title\" content=\"Pourquoi consulter? - Tanagram\" \/>\n<meta property=\"og:description\" content=\"Mes expertises : Stress et Anxi\u00e9t\u00e9 - Hypersensibilit\u00e9 - Gestion des \u00e9motions - Confiance en soi - Burn out - Crise de milieu de vie - Perte de sens - Troubles relationnel\" \/>\n<meta property=\"og:url\" content=\"https:\/\/www.tanagram.fr\/fr\/hypnotherapie\/\" \/>\n<meta property=\"og:site_name\" content=\"Tanagram\" \/>\n<meta property=\"article:modified_time\" content=\"2026-03-27T16:27:24+00:00\" \/>\n<meta property=\"og:image\" content=\"https:\/\/www.tanagram.fr\/fr\/wp-content\/uploads\/2021\/06\/P1010205.jpg\" \/>\n\t<meta property=\"og:image:width\" content=\"1536\" \/>\n\t<meta property=\"og:image:height\" content=\"2048\" \/>\n\t<meta property=\"og:image:type\" content=\"image\/jpeg\" \/>\n<meta name=\"twitter:card\" content=\"summary_large_image\" \/>\n<meta name=\"twitter:label1\" content=\"Dur\u00e9e de lecture estim\u00e9e\" \/>\n\t<meta name=\"twitter:data1\" content=\"5 minutes\" \/>\n<script type=\"application\/ld+json\" class=\"yoast-schema-graph\">{\"@context\":\"https:\\\/\\\/schema.org\",\"@graph\":[{\"@type\":\"WebPage\",\"@id\":\"https:\\\/\\\/www.tanagram.fr\\\/fr\\\/hypnotherapie\\\/\",\"url\":\"https:\\\/\\\/www.tanagram.fr\\\/fr\\\/hypnotherapie\\\/\",\"name\":\"Pourquoi consulter? - Tanagram\",\"isPartOf\":{\"@id\":\"https:\\\/\\\/www.tanagram.fr\\\/fr\\\/#website\"},\"primaryImageOfPage\":{\"@id\":\"https:\\\/\\\/www.tanagram.fr\\\/fr\\\/hypnotherapie\\\/#primaryimage\"},\"image\":{\"@id\":\"https:\\\/\\\/www.tanagram.fr\\\/fr\\\/hypnotherapie\\\/#primaryimage\"},\"thumbnailUrl\":\"https:\\\/\\\/www.tanagram.fr\\\/fr\\\/wp-content\\\/uploads\\\/2021\\\/06\\\/P1010205-768x1024.jpg\",\"datePublished\":\"2020-01-14T15:54:21+00:00\",\"dateModified\":\"2026-03-27T16:27:24+00:00\",\"description\":\"Mes expertises : Stress et Anxi\u00e9t\u00e9 - Hypersensibilit\u00e9 - Gestion des \u00e9motions - Confiance en soi - Burn out - Crise de milieu de vie - Perte de sens - Troubles relationnel\",\"breadcrumb\":{\"@id\":\"https:\\\/\\\/www.tanagram.fr\\\/fr\\\/hypnotherapie\\\/#breadcrumb\"},\"inLanguage\":\"fr-FR\",\"potentialAction\":[{\"@type\":\"ReadAction\",\"target\":[\"https:\\\/\\\/www.tanagram.fr\\\/fr\\\/hypnotherapie\\\/\"]}]},{\"@type\":\"ImageObject\",\"inLanguage\":\"fr-FR\",\"@id\":\"https:\\\/\\\/www.tanagram.fr\\\/fr\\\/hypnotherapie\\\/#primaryimage\",\"url\":\"https:\\\/\\\/www.tanagram.fr\\\/fr\\\/wp-content\\\/uploads\\\/2021\\\/06\\\/P1010205.jpg\",\"contentUrl\":\"https:\\\/\\\/www.tanagram.fr\\\/fr\\\/wp-content\\\/uploads\\\/2021\\\/06\\\/P1010205.jpg\",\"width\":1536,\"height\":2048},{\"@type\":\"BreadcrumbList\",\"@id\":\"https:\\\/\\\/www.tanagram.fr\\\/fr\\\/hypnotherapie\\\/#breadcrumb\",\"itemListElement\":[{\"@type\":\"ListItem\",\"position\":1,\"name\":\"Accueil\",\"item\":\"https:\\\/\\\/www.tanagram.fr\\\/fr\\\/\"},{\"@type\":\"ListItem\",\"position\":2,\"name\":\"Pourquoi consulter?\"}]},{\"@type\":\"WebSite\",\"@id\":\"https:\\\/\\\/www.tanagram.fr\\\/fr\\\/#website\",\"url\":\"https:\\\/\\\/www.tanagram.fr\\\/fr\\\/\",\"name\":\"Tanagram\",\"description\":\"Donnez du sens \u00e0 vos \u00e9motions\",\"potentialAction\":[{\"@type\":\"SearchAction\",\"target\":{\"@type\":\"EntryPoint\",\"urlTemplate\":\"https:\\\/\\\/www.tanagram.fr\\\/fr\\\/?s={search_term_string}\"},\"query-input\":{\"@type\":\"PropertyValueSpecification\",\"valueRequired\":true,\"valueName\":\"search_term_string\"}}],\"inLanguage\":\"fr-FR\"}]}<\/script>\n<!-- \/ Yoast SEO plugin. -->","yoast_head_json":{"title":"Pourquoi consulter? - Tanagram","description":"Mes expertises : Stress et Anxi\u00e9t\u00e9 - Hypersensibilit\u00e9 - Gestion des \u00e9motions - Confiance en soi - Burn out - Crise de milieu de vie - Perte de sens - Troubles relationnel","robots":{"index":"index","follow":"follow","max-snippet":"max-snippet:-1","max-image-preview":"max-image-preview:large","max-video-preview":"max-video-preview:-1"},"canonical":"https:\/\/www.tanagram.fr\/fr\/hypnotherapie\/","og_locale":"fr_FR","og_type":"article","og_title":"Pourquoi consulter? - Tanagram","og_description":"Mes expertises : Stress et Anxi\u00e9t\u00e9 - Hypersensibilit\u00e9 - Gestion des \u00e9motions - Confiance en soi - Burn out - Crise de milieu de vie - Perte de sens - Troubles relationnel","og_url":"https:\/\/www.tanagram.fr\/fr\/hypnotherapie\/","og_site_name":"Tanagram","article_modified_time":"2026-03-27T16:27:24+00:00","og_image":[{"width":1536,"height":2048,"url":"https:\/\/www.tanagram.fr\/fr\/wp-content\/uploads\/2021\/06\/P1010205.jpg","type":"image\/jpeg"}],"twitter_card":"summary_large_image","twitter_misc":{"Dur\u00e9e de lecture estim\u00e9e":"5 minutes"},"schema":{"@context":"https:\/\/schema.org","@graph":[{"@type":"WebPage","@id":"https:\/\/www.tanagram.fr\/fr\/hypnotherapie\/","url":"https:\/\/www.tanagram.fr\/fr\/hypnotherapie\/","name":"Pourquoi consulter? - Tanagram","isPartOf":{"@id":"https:\/\/www.tanagram.fr\/fr\/#website"},"primaryImageOfPage":{"@id":"https:\/\/www.tanagram.fr\/fr\/hypnotherapie\/#primaryimage"},"image":{"@id":"https:\/\/www.tanagram.fr\/fr\/hypnotherapie\/#primaryimage"},"thumbnailUrl":"https:\/\/www.tanagram.fr\/fr\/wp-content\/uploads\/2021\/06\/P1010205-768x1024.jpg","datePublished":"2020-01-14T15:54:21+00:00","dateModified":"2026-03-27T16:27:24+00:00","description":"Mes expertises : Stress et Anxi\u00e9t\u00e9 - Hypersensibilit\u00e9 - Gestion des \u00e9motions - Confiance en soi - Burn out - Crise de milieu de vie - Perte de sens - Troubles relationnel","breadcrumb":{"@id":"https:\/\/www.tanagram.fr\/fr\/hypnotherapie\/#breadcrumb"},"inLanguage":"fr-FR","potentialAction":[{"@type":"ReadAction","target":["https:\/\/www.tanagram.fr\/fr\/hypnotherapie\/"]}]},{"@type":"ImageObject","inLanguage":"fr-FR","@id":"https:\/\/www.tanagram.fr\/fr\/hypnotherapie\/#primaryimage","url":"https:\/\/www.tanagram.fr\/fr\/wp-content\/uploads\/2021\/06\/P1010205.jpg","contentUrl":"https:\/\/www.tanagram.fr\/fr\/wp-content\/uploads\/2021\/06\/P1010205.jpg","width":1536,"height":2048},{"@type":"BreadcrumbList","@id":"https:\/\/www.tanagram.fr\/fr\/hypnotherapie\/#breadcrumb","itemListElement":[{"@type":"ListItem","position":1,"name":"Accueil","item":"https:\/\/www.tanagram.fr\/fr\/"},{"@type":"ListItem","position":2,"name":"Pourquoi consulter?"}]},{"@type":"WebSite","@id":"https:\/\/www.tanagram.fr\/fr\/#website","url":"https:\/\/www.tanagram.fr\/fr\/","name":"Tanagram","description":"Donnez du sens \u00e0 vos \u00e9motions","potentialAction":[{"@type":"SearchAction","target":{"@type":"EntryPoint","urlTemplate":"https:\/\/www.tanagram.fr\/fr\/?s={search_term_string}"},"query-input":{"@type":"PropertyValueSpecification","valueRequired":true,"valueName":"search_term_string"}}],"inLanguage":"fr-FR"}]}},"_links":{"self":[{"href":"https:\/\/www.tanagram.fr\/fr\/wp-json\/wp\/v2\/pages\/813","targetHints":{"allow":["GET"]}}],"collection":[{"href":"https:\/\/www.tanagram.fr\/fr\/wp-json\/wp\/v2\/pages"}],"about":[{"href":"https:\/\/www.tanagram.fr\/fr\/wp-json\/wp\/v2\/types\/page"}],"author":[{"embeddable":true,"href":"https:\/\/www.tanagram.fr\/fr\/wp-json\/wp\/v2\/users\/2"}],"replies":[{"embeddable":true,"href":"https:\/\/www.tanagram.fr\/fr\/wp-json\/wp\/v2\/comments?post=813"}],"version-history":[{"count":42,"href":"https:\/\/www.tanagram.fr\/fr\/wp-json\/wp\/v2\/pages\/813\/revisions"}],"predecessor-version":[{"id":1704,"href":"https:\/\/www.tanagram.fr\/fr\/wp-json\/wp\/v2\/pages\/813\/revisions\/1704"}],"wp:attachment":[{"href":"https:\/\/www.tanagram.fr\/fr\/wp-json\/wp\/v2\/media?parent=813"}],"curies":[{"name":"wp","href":"https:\/\/api.w.org\/{rel}","templated":true}]}}