{"id":991,"date":"2020-06-13T14:39:48","date_gmt":"2020-06-13T12:39:48","guid":{"rendered":"https:\/\/www.tanagram.fr\/fr\/?page_id=991"},"modified":"2025-04-16T18:54:27","modified_gmt":"2025-04-16T16:54:27","slug":"coaching-et-hypnose","status":"publish","type":"page","link":"https:\/\/www.tanagram.fr\/fr\/coaching-et-hypnose\/","title":{"rendered":"D\u00e9ontologie"},"content":{"rendered":"<div class=\"wp-block-image\">\n<figure class=\"alignleft size-full\"><img fetchpriority=\"high\" decoding=\"async\" width=\"275\" height=\"183\" src=\"https:\/\/www.tanagram.fr\/fr\/wp-content\/uploads\/2023\/06\/IAGC-logo.png\" alt=\"\" class=\"wp-image-1536\"\/><\/figure>\n<\/div>\n\n\n<h2 class=\"wp-block-heading\">Mon \u00e9thique de travail comme coach et th\u00e9rapeute<\/h2>\n\n\n<hr \/><main role=\"main\"><\/main>\n<h2 id=\"primary\" class=\"content-area\">Mon accompagnement repose sur 3 valeurs fondamentales<\/h2>\n<h3 class=\"content-area\"><span style=\"color: #ff6600;\">La Bienveillance<\/span><\/h3>\n<div>\u00a0<\/div>\n<div class=\"content-area\">Vous vous sentez pleinement accueilli.e et \u00e9cout\u00e9.e.<\/div>\n<div>\u00a0<\/div>\n<div class=\"content-area\">Je ne porte aucun jugement moral sur ce que vous pensez ou ressentez.<\/div>\n<div>\u00a0<\/div>\n<div class=\"content-area\">Mon seul objectif est de vous aider \u00e0 vous sentir mieux dans votre vie, en fonction des besoins et des valeurs qui vous sont propres.<\/div>\n<div>\u00a0<\/div>\n<h3 class=\"content-area\"><span style=\"color: #ff6600;\">Le Respect<\/span><\/h3>\n<p class=\"content-area\">Je respecte votre rythme : nous avan\u00e7ons en fonction de vos souhaits et de vos contraintes.<\/p>\n<p class=\"content-area\">Je respecte votre intimit\u00e9 : je veille \u00e0 avoir le tact n\u00e9cessaire pour aborder des sujets qui peuvent \u00eatre d\u00e9licats.<\/p>\n<h3><span style=\"color: #ff6600;\">La Libert\u00e9<\/span><\/h3>\n<p>Je me positionne en co-pilote qui propose : un chemin, une m\u00e9thode, des interpr\u00e9tations, des exercices, etc.<\/p>\n<p>C&rsquo;est vous qui restez le pilote \u00e0 tout moment. En dernier ressort, c&rsquo;est vous qui savez ce qui vous convient ou non.<\/p>\n<article id=\"post-12\" class=\"post-12 page type-page status-publish hentry\"><\/article>\n<p>A chaque \u00e9tape du parcours, je m&rsquo;assure toujours de votre accord.<\/p>\n<p>\u00a0<\/p>\n<h2>Code de d\u00e9ontologie<\/h2>\n<hr \/>\n<p>Je respecte le code de d\u00e9ontologie de l&rsquo;Association Internationale \u00e0 laquelle je suis affili\u00e9e : <a href=\"https:\/\/generative-change.com\/ethics\/\" target=\"_blank\" rel=\"noopener\">IAGC code of ethics.<\/a><\/p>\n<p>L&rsquo;IAGC a \u00e9t\u00e9 cr\u00e9\u00e9e par Robert DILTS, grande figure mondialement reconnue du coaching et fondateur du coaching g\u00e9n\u00e9ratif, ainsi que par Stephen GILLIGAN, \u00e9l\u00e8ve direct de Milton Erickson et continuateur de l&rsquo;hypnose \u00e9riksonienne sous l&rsquo;appellation anglophone de \u00ab\u00a0generative trance\u00a0\u00bb.<\/p>\n<p>Je m&rsquo;engage notamment \u00e0 :<\/p>\n<p>\u2013 Maintenir les niveaux les plus stricts de confidentialit\u00e9 avec tous les clients, sauf si la loi m\u2019oblige \u00e0 divulguer certaines informations d&rsquo;\u00e9thique<\/p>\n<p>\u2013 Encourager le client \u00e0 solliciter les services d\u2019un autre professionnel, soit en remplacement, soit en compl\u00e9ment, si je le crois n\u00e9cessaire ou appropri\u00e9<\/p>\n<p>\u2013 \u00catre sous supervision r\u00e9guli\u00e8re, afin d\u2019identifier mes propres questions personnelles qui pourraient cr\u00e9er un conflit int\u00e9rieur ou interf\u00e9rer avec ma pratique professionnelle<\/p>\n<p>\u2013 Suivre un apprentissage continu dans le domaine du coaching et de l&rsquo;hypnose<\/p>\n\n\n<div class=\"wp-block-buttons is-horizontal is-content-justification-center is-layout-flex wp-container-core-buttons-is-layout-499968f5 wp-block-buttons-is-layout-flex\">\n<div class=\"wp-block-button\"><a class=\"wp-block-button__link has-white-color has-luminous-vivid-orange-background-color has-text-color has-background wp-element-button\" href=\"https:\/\/www.tanagram.fr\/fr\/prendre-rdv-coaching\/\">Rdv d\u00e9couverte &#8211; Coaching<\/a><\/div>\n\n\n\n<div class=\"wp-block-button\"><a class=\"wp-block-button__link has-white-color has-vivid-cyan-blue-background-color has-text-color has-background wp-element-button\" href=\"https:\/\/www.tanagram.fr\/fr\/prise-de-rdv-therapie\/\">Prendre Rdv &#8211; Hypnoth\u00e9rapie<\/a><\/div>\n<\/div>\n\n\n\n<p><\/p>\n","protected":false},"excerpt":{"rendered":"<p>Mon \u00e9thique de travail comme coach et th\u00e9rapeute Mon accompagnement repose sur 3 valeurs fondamentales La Bienveillance \u00a0 Vous vous sentez pleinement accueilli.e et \u00e9cout\u00e9.e. \u00a0 Je ne porte aucun jugement moral sur ce que vous pensez ou ressentez. \u00a0 Mon seul objectif est de vous aider \u00e0 vous sentir mieux dans votre vie, en &hellip; <\/p>\n<p class=\"link-more\"><a href=\"https:\/\/www.tanagram.fr\/fr\/coaching-et-hypnose\/\" class=\"more-link\">Continuer la lecture<span class=\"screen-reader-text\"> de &laquo;&nbsp;D\u00e9ontologie&nbsp;&raquo;<\/span><\/a><\/p>\n","protected":false},"author":2,"featured_media":0,"parent":0,"menu_order":0,"comment_status":"closed","ping_status":"closed","template":"","meta":{"footnotes":""},"class_list":["post-991","page","type-page","status-publish","hentry"],"yoast_head":"<!-- This site is optimized with the Yoast SEO plugin v27.5 - https:\/\/yoast.com\/product\/yoast-seo-wordpress\/ -->\n<title>D\u00e9ontologie - Tanagram<\/title>\n<meta name=\"description\" content=\"Vous devez \u00eatre s\u00fbr que votre coach ou th\u00e9rapeute suit une \u00e9thique rigoureuse pour vous accompagner en s\u00e9curit\u00e9\" \/>\n<meta name=\"robots\" content=\"index, follow, max-snippet:-1, max-image-preview:large, max-video-preview:-1\" \/>\n<link rel=\"canonical\" href=\"https:\/\/www.tanagram.fr\/fr\/coaching-et-hypnose\/\" \/>\n<meta property=\"og:locale\" content=\"fr_FR\" \/>\n<meta property=\"og:type\" content=\"article\" \/>\n<meta property=\"og:title\" content=\"D\u00e9ontologie - Tanagram\" \/>\n<meta property=\"og:description\" content=\"Vous devez \u00eatre s\u00fbr que votre coach ou th\u00e9rapeute suit une \u00e9thique rigoureuse pour vous accompagner en s\u00e9curit\u00e9\" \/>\n<meta property=\"og:url\" content=\"https:\/\/www.tanagram.fr\/fr\/coaching-et-hypnose\/\" \/>\n<meta property=\"og:site_name\" content=\"Tanagram\" \/>\n<meta property=\"article:modified_time\" content=\"2025-04-16T16:54:27+00:00\" \/>\n<meta property=\"og:image\" content=\"https:\/\/www.tanagram.fr\/fr\/wp-content\/uploads\/2023\/06\/IAGC-logo.png\" \/>\n\t<meta property=\"og:image:width\" content=\"275\" \/>\n\t<meta property=\"og:image:height\" content=\"183\" \/>\n\t<meta property=\"og:image:type\" content=\"image\/png\" \/>\n<meta name=\"twitter:card\" content=\"summary_large_image\" \/>\n<meta name=\"twitter:label1\" content=\"Dur\u00e9e de lecture estim\u00e9e\" \/>\n\t<meta name=\"twitter:data1\" content=\"2 minutes\" \/>\n<script type=\"application\/ld+json\" class=\"yoast-schema-graph\">{\"@context\":\"https:\\\/\\\/schema.org\",\"@graph\":[{\"@type\":\"WebPage\",\"@id\":\"https:\\\/\\\/www.tanagram.fr\\\/fr\\\/coaching-et-hypnose\\\/\",\"url\":\"https:\\\/\\\/www.tanagram.fr\\\/fr\\\/coaching-et-hypnose\\\/\",\"name\":\"D\u00e9ontologie - Tanagram\",\"isPartOf\":{\"@id\":\"https:\\\/\\\/www.tanagram.fr\\\/fr\\\/#website\"},\"primaryImageOfPage\":{\"@id\":\"https:\\\/\\\/www.tanagram.fr\\\/fr\\\/coaching-et-hypnose\\\/#primaryimage\"},\"image\":{\"@id\":\"https:\\\/\\\/www.tanagram.fr\\\/fr\\\/coaching-et-hypnose\\\/#primaryimage\"},\"thumbnailUrl\":\"https:\\\/\\\/www.tanagram.fr\\\/fr\\\/wp-content\\\/uploads\\\/2023\\\/06\\\/IAGC-logo.png\",\"datePublished\":\"2020-06-13T12:39:48+00:00\",\"dateModified\":\"2025-04-16T16:54:27+00:00\",\"description\":\"Vous devez \u00eatre s\u00fbr que votre coach ou th\u00e9rapeute suit une \u00e9thique rigoureuse pour vous accompagner en s\u00e9curit\u00e9\",\"breadcrumb\":{\"@id\":\"https:\\\/\\\/www.tanagram.fr\\\/fr\\\/coaching-et-hypnose\\\/#breadcrumb\"},\"inLanguage\":\"fr-FR\",\"potentialAction\":[{\"@type\":\"ReadAction\",\"target\":[\"https:\\\/\\\/www.tanagram.fr\\\/fr\\\/coaching-et-hypnose\\\/\"]}]},{\"@type\":\"ImageObject\",\"inLanguage\":\"fr-FR\",\"@id\":\"https:\\\/\\\/www.tanagram.fr\\\/fr\\\/coaching-et-hypnose\\\/#primaryimage\",\"url\":\"https:\\\/\\\/www.tanagram.fr\\\/fr\\\/wp-content\\\/uploads\\\/2023\\\/06\\\/IAGC-logo.png\",\"contentUrl\":\"https:\\\/\\\/www.tanagram.fr\\\/fr\\\/wp-content\\\/uploads\\\/2023\\\/06\\\/IAGC-logo.png\",\"width\":275,\"height\":183},{\"@type\":\"BreadcrumbList\",\"@id\":\"https:\\\/\\\/www.tanagram.fr\\\/fr\\\/coaching-et-hypnose\\\/#breadcrumb\",\"itemListElement\":[{\"@type\":\"ListItem\",\"position\":1,\"name\":\"Accueil\",\"item\":\"https:\\\/\\\/www.tanagram.fr\\\/fr\\\/\"},{\"@type\":\"ListItem\",\"position\":2,\"name\":\"D\u00e9ontologie\"}]},{\"@type\":\"WebSite\",\"@id\":\"https:\\\/\\\/www.tanagram.fr\\\/fr\\\/#website\",\"url\":\"https:\\\/\\\/www.tanagram.fr\\\/fr\\\/\",\"name\":\"Tanagram\",\"description\":\"Donnez du sens \u00e0 vos \u00e9motions\",\"potentialAction\":[{\"@type\":\"SearchAction\",\"target\":{\"@type\":\"EntryPoint\",\"urlTemplate\":\"https:\\\/\\\/www.tanagram.fr\\\/fr\\\/?s={search_term_string}\"},\"query-input\":{\"@type\":\"PropertyValueSpecification\",\"valueRequired\":true,\"valueName\":\"search_term_string\"}}],\"inLanguage\":\"fr-FR\"}]}<\/script>\n<!-- \/ Yoast SEO plugin. -->","yoast_head_json":{"title":"D\u00e9ontologie - Tanagram","description":"Vous devez \u00eatre s\u00fbr que votre coach ou th\u00e9rapeute suit une \u00e9thique rigoureuse pour vous accompagner en s\u00e9curit\u00e9","robots":{"index":"index","follow":"follow","max-snippet":"max-snippet:-1","max-image-preview":"max-image-preview:large","max-video-preview":"max-video-preview:-1"},"canonical":"https:\/\/www.tanagram.fr\/fr\/coaching-et-hypnose\/","og_locale":"fr_FR","og_type":"article","og_title":"D\u00e9ontologie - Tanagram","og_description":"Vous devez \u00eatre s\u00fbr que votre coach ou th\u00e9rapeute suit une \u00e9thique rigoureuse pour vous accompagner en s\u00e9curit\u00e9","og_url":"https:\/\/www.tanagram.fr\/fr\/coaching-et-hypnose\/","og_site_name":"Tanagram","article_modified_time":"2025-04-16T16:54:27+00:00","og_image":[{"width":275,"height":183,"url":"https:\/\/www.tanagram.fr\/fr\/wp-content\/uploads\/2023\/06\/IAGC-logo.png","type":"image\/png"}],"twitter_card":"summary_large_image","twitter_misc":{"Dur\u00e9e de lecture estim\u00e9e":"2 minutes"},"schema":{"@context":"https:\/\/schema.org","@graph":[{"@type":"WebPage","@id":"https:\/\/www.tanagram.fr\/fr\/coaching-et-hypnose\/","url":"https:\/\/www.tanagram.fr\/fr\/coaching-et-hypnose\/","name":"D\u00e9ontologie - Tanagram","isPartOf":{"@id":"https:\/\/www.tanagram.fr\/fr\/#website"},"primaryImageOfPage":{"@id":"https:\/\/www.tanagram.fr\/fr\/coaching-et-hypnose\/#primaryimage"},"image":{"@id":"https:\/\/www.tanagram.fr\/fr\/coaching-et-hypnose\/#primaryimage"},"thumbnailUrl":"https:\/\/www.tanagram.fr\/fr\/wp-content\/uploads\/2023\/06\/IAGC-logo.png","datePublished":"2020-06-13T12:39:48+00:00","dateModified":"2025-04-16T16:54:27+00:00","description":"Vous devez \u00eatre s\u00fbr que votre coach ou th\u00e9rapeute suit une \u00e9thique rigoureuse pour vous accompagner en s\u00e9curit\u00e9","breadcrumb":{"@id":"https:\/\/www.tanagram.fr\/fr\/coaching-et-hypnose\/#breadcrumb"},"inLanguage":"fr-FR","potentialAction":[{"@type":"ReadAction","target":["https:\/\/www.tanagram.fr\/fr\/coaching-et-hypnose\/"]}]},{"@type":"ImageObject","inLanguage":"fr-FR","@id":"https:\/\/www.tanagram.fr\/fr\/coaching-et-hypnose\/#primaryimage","url":"https:\/\/www.tanagram.fr\/fr\/wp-content\/uploads\/2023\/06\/IAGC-logo.png","contentUrl":"https:\/\/www.tanagram.fr\/fr\/wp-content\/uploads\/2023\/06\/IAGC-logo.png","width":275,"height":183},{"@type":"BreadcrumbList","@id":"https:\/\/www.tanagram.fr\/fr\/coaching-et-hypnose\/#breadcrumb","itemListElement":[{"@type":"ListItem","position":1,"name":"Accueil","item":"https:\/\/www.tanagram.fr\/fr\/"},{"@type":"ListItem","position":2,"name":"D\u00e9ontologie"}]},{"@type":"WebSite","@id":"https:\/\/www.tanagram.fr\/fr\/#website","url":"https:\/\/www.tanagram.fr\/fr\/","name":"Tanagram","description":"Donnez du sens \u00e0 vos \u00e9motions","potentialAction":[{"@type":"SearchAction","target":{"@type":"EntryPoint","urlTemplate":"https:\/\/www.tanagram.fr\/fr\/?s={search_term_string}"},"query-input":{"@type":"PropertyValueSpecification","valueRequired":true,"valueName":"search_term_string"}}],"inLanguage":"fr-FR"}]}},"_links":{"self":[{"href":"https:\/\/www.tanagram.fr\/fr\/wp-json\/wp\/v2\/pages\/991","targetHints":{"allow":["GET"]}}],"collection":[{"href":"https:\/\/www.tanagram.fr\/fr\/wp-json\/wp\/v2\/pages"}],"about":[{"href":"https:\/\/www.tanagram.fr\/fr\/wp-json\/wp\/v2\/types\/page"}],"author":[{"embeddable":true,"href":"https:\/\/www.tanagram.fr\/fr\/wp-json\/wp\/v2\/users\/2"}],"replies":[{"embeddable":true,"href":"https:\/\/www.tanagram.fr\/fr\/wp-json\/wp\/v2\/comments?post=991"}],"version-history":[{"count":35,"href":"https:\/\/www.tanagram.fr\/fr\/wp-json\/wp\/v2\/pages\/991\/revisions"}],"predecessor-version":[{"id":1604,"href":"https:\/\/www.tanagram.fr\/fr\/wp-json\/wp\/v2\/pages\/991\/revisions\/1604"}],"wp:attachment":[{"href":"https:\/\/www.tanagram.fr\/fr\/wp-json\/wp\/v2\/media?parent=991"}],"curies":[{"name":"wp","href":"https:\/\/api.w.org\/{rel}","templated":true}]}}